{"id":110,"date":"2026-03-27T11:33:07","date_gmt":"2026-03-27T11:33:07","guid":{"rendered":"https:\/\/quinquin.azdigi.shop\/?post_type=product&#038;p=110"},"modified":"2026-04-02T06:01:46","modified_gmt":"2026-04-02T06:01:46","slug":"velvet-cherry-cake","status":"publish","type":"product","link":"https:\/\/quinquin.azdigi.shop\/index.php\/product\/velvet-cherry-cake\/","title":{"rendered":"Velvet Cherry Cake"},"content":{"rendered":"<h1 data-section-id=\"5rnceu\" data-start=\"88\" data-end=\"142\">Velvet Cherry Cake \u2013 Ng\u1ecdt Ng\u00e0o, Sang Tr\u1ecdng, Cu\u1ed1n H\u00fat<\/h1>\n<p data-start=\"144\" data-end=\"378\"><strong data-start=\"144\" data-end=\"166\">Velvet Cherry Cake<\/strong> l\u00e0 d\u00f2ng b\u00e1nh kem n\u1ed5i b\u1eadt t\u1ea1i <strong data-start=\"196\" data-end=\"215\">Quin Quin Sweet<\/strong>, g\u00e2y \u1ea5n t\u01b0\u1ee3ng v\u1edbi s\u1eafc \u0111\u1ecf cherry quy\u1ebfn r\u0169 v\u00e0 l\u1edbp ph\u1ee7 b\u00f3ng m\u1ecbn \u0111\u1ea7y sang tr\u1ecdng. B\u00e1nh mang v\u1ebb \u0111\u1eb9p tinh t\u1ebf, hi\u1ec7n \u0111\u1ea1i c\u00f9ng h\u01b0\u01a1ng v\u1ecb ng\u1ecdt d\u1ecbu, m\u1ec1m m\u1ecbn v\u00e0 d\u1ec5 th\u01b0\u1edfng th\u1ee9c.<\/p>\n<h2 data-section-id=\"fecghk\" data-start=\"380\" data-end=\"415\">H\u01b0\u01a1ng v\u1ecb ng\u1ecdt d\u1ecbu, h\u00e0i h\u00f2a d\u1ec5 \u0103n<\/h2>\n<p data-start=\"417\" data-end=\"678\">Ngay t\u1eeb l\u1ea7n \u0111\u1ea7u th\u01b0\u1edfng th\u1ee9c, b\u1ea1n s\u1ebd c\u1ea3m nh\u1eadn \u0111\u01b0\u1ee3c v\u1ecb ng\u1ecdt nh\u1eb9 nh\u00e0ng v\u00e0 h\u01b0\u01a1ng th\u01a1m h\u1ea5p d\u1eabn c\u1ee7a b\u00e1nh. <strong data-start=\"517\" data-end=\"539\">Velvet Cherry Cake<\/strong> mang \u0111\u1ebfn c\u1ea3m gi\u00e1c h\u00e0i h\u00f2a gi\u1eefa \u0111\u1ed9 b\u00e9o nh\u1eb9 c\u1ee7a kem v\u00e0 v\u1ecb tr\u00e1i c\u00e2y thanh d\u1ecbu. Nh\u1edd \u0111\u00f3, b\u00e1nh kh\u00f4ng qu\u00e1 g\u1eaft m\u00e0 v\u1eabn gi\u1eef \u0111\u01b0\u1ee3c n\u00e9t cu\u1ed1n h\u00fat ri\u00eang.<\/p>\n<h2 data-section-id=\"7eqngg\" data-start=\"680\" data-end=\"719\">Kem m\u1ecbn m\u00e0ng, l\u1edbp ph\u1ee7 cherry n\u1ed5i b\u1eadt<\/h2>\n<p data-start=\"721\" data-end=\"1006\">\u0110i\u1ec3m n\u1ed5i b\u1eadt c\u1ee7a <strong data-start=\"738\" data-end=\"760\">Velvet Cherry Cake<\/strong> l\u00e0 l\u1edbp kem m\u1ec1m m\u1ecbn k\u1ebft h\u1ee3p c\u00f9ng ph\u1ea7n ph\u1ee7 cherry b\u00f3ng \u0111\u1eb9p tr\u00ean b\u1ec1 m\u1eb7t. L\u1edbp ph\u1ee7 ch\u1ea3y nh\u1eb9 t\u1ea1o hi\u1ec7u \u1ee9ng b\u1eaft m\u1eaft, gi\u00fap chi\u1ebfc b\u00e1nh tr\u1edf n\u00ean sang tr\u1ecdng v\u00e0 n\u1ed5i b\u1eadt h\u01a1n. Khi th\u01b0\u1edfng th\u1ee9c, b\u1ea1n s\u1ebd c\u1ea3m nh\u1eadn \u0111\u01b0\u1ee3c k\u1ebft c\u1ea5u m\u1ec1m m\u1ea1i v\u00e0 m\u01b0\u1ee3t m\u00e0 trong t\u1eebng l\u1edbp b\u00e1nh.<\/p>\n<h2 data-section-id=\"y1o4zj\" data-start=\"1008\" data-end=\"1047\">Thi\u1ebft k\u1ebf tinh t\u1ebf, phong c\u00e1ch cao c\u1ea5p<\/h2>\n<p data-start=\"1049\" data-end=\"1310\">Kh\u00f4ng ch\u1ec9 ngon, <strong data-start=\"1065\" data-end=\"1087\">Velvet Cherry Cake<\/strong> c\u00f2n c\u00f3 h\u00ecnh th\u1ee9c r\u1ea5t \u1ea5n t\u01b0\u1ee3ng v\u1edbi t\u00f4ng \u0111\u1ecf cherry n\u1ed5i b\u1eadt k\u1ebft h\u1ee3p c\u00f9ng c\u00e1c chi ti\u1ebft trang tr\u00ed v\u00e0ng sang tr\u1ecdng. S\u1ea3n ph\u1ea9m ph\u00f9 h\u1ee3p v\u1edbi nh\u1eefng bu\u1ed5i ti\u1ec7c sinh nh\u1eadt, k\u1ef7 ni\u1ec7m ho\u1eb7c c\u00e1c d\u1ecbp c\u1ea7n m\u1ed9t chi\u1ebfc b\u00e1nh v\u1eeba \u0111\u1eb9p m\u1eaft v\u1eeba tinh t\u1ebf.<\/p>\n<h2 data-section-id=\"1tjxqx2\" data-start=\"1312\" data-end=\"1348\">H\u01b0\u01a1ng v\u1ecb c\u00e2n b\u1eb1ng, kh\u00f4ng g\u00e2y ng\u1ea5y<\/h2>\n<p data-start=\"1350\" data-end=\"1610\">B\u00e1nh \u0111\u01b0\u1ee3c c\u00e2n b\u1eb1ng gi\u1eefa v\u1ecb ng\u1ecdt, \u0111\u1ed9 b\u00e9o v\u00e0 c\u1ea3m gi\u00e1c thanh nh\u1eb9 t\u1eeb l\u1edbp ph\u1ee7. V\u00ec v\u1eady, t\u1ed5ng th\u1ec3 h\u01b0\u01a1ng v\u1ecb tr\u1edf n\u00ean d\u1ec5 \u0103n v\u00e0 kh\u00f4ng g\u00e2y ng\u1ea5y. \u0110\u00e2y l\u00e0 l\u1ef1a ch\u1ecdn ph\u00f9 h\u1ee3p cho nh\u1eefng ai y\u00eau th\u00edch b\u00e1nh kem c\u00f3 v\u1ebb ngo\u00e0i sang tr\u1ecdng nh\u01b0ng v\u1eabn gi\u1eef \u0111\u01b0\u1ee3c s\u1ef1 nh\u1eb9 nh\u00e0ng khi th\u01b0\u1edfng th\u1ee9c.<\/p>\n<h2 data-section-id=\"742pmq\" data-start=\"1612\" data-end=\"1645\">Ph\u00f9 h\u1ee3p cho nhi\u1ec1u d\u1ecbp \u0111\u1eb7c bi\u1ec7t<\/h2>\n<p data-start=\"1647\" data-end=\"1828\"><strong data-start=\"1647\" data-end=\"1669\">Velvet Cherry Cake<\/strong> th\u00edch h\u1ee3p cho sinh nh\u1eadt, l\u1ec5 k\u1ef7 ni\u1ec7m, ti\u1ec7c nh\u1eb9 ho\u1eb7c l\u00e0m qu\u00e0 t\u1eb7ng. S\u1ea3n ph\u1ea9m kh\u00f4ng ch\u1ec9 mang \u0111\u1ebfn tr\u1ea3i nghi\u1ec7m ngon mi\u1ec7ng m\u00e0 c\u00f2n t\u1ea1o \u0111i\u1ec3m nh\u1ea5n \u0111\u1eb9p m\u1eaft cho b\u00e0n ti\u1ec7c.<\/p>\n<h2 data-section-id=\"5pd6zc\" data-start=\"1830\" data-end=\"1872\">\u0110\u1eb7c \u0111i\u1ec3m n\u1ed5i b\u1eadt c\u1ee7a Velvet Cherry Cake<\/h2>\n<ul data-start=\"1874\" data-end=\"2014\">\n<li data-section-id=\"wbneb6\" data-start=\"1874\" data-end=\"1902\">L\u1edbp kem m\u1ec1m m\u1ecbn, b\u00e9o nh\u1eb9<\/li>\n<li data-section-id=\"yhcekl\" data-start=\"1903\" data-end=\"1935\">Ph\u1ee7 cherry b\u00f3ng \u0111\u1eb9p, n\u1ed5i b\u1eadt<\/li>\n<li data-section-id=\"zs6tyx\" data-start=\"1936\" data-end=\"1966\">H\u01b0\u01a1ng v\u1ecb ng\u1ecdt d\u1ecbu, h\u00e0i h\u00f2a<\/li>\n<li data-section-id=\"1bcsc61\" data-start=\"1967\" data-end=\"2014\">Thi\u1ebft k\u1ebf sang tr\u1ecdng, th\u00edch h\u1ee3p l\u00e0m qu\u00e0 t\u1eb7ng<\/li>\n<\/ul>\n<h2 data-section-id=\"wc65bt\" data-start=\"2016\" data-end=\"2034\">K\u00edch th\u01b0\u1edbc b\u00e1nh<\/h2>\n<p data-start=\"2036\" data-end=\"2082\">C\u00f3 th\u1ec3 \u0111\u1eb7t theo size:<br data-start=\"2057\" data-end=\"2060\" \/><strong data-start=\"2060\" data-end=\"2082\">12cm | 16cm | 20cm<\/strong><\/p>\n<h2 data-section-id=\"1cvkcll\" data-start=\"2084\" data-end=\"2105\">H\u01b0\u1edbng d\u1eabn b\u1ea3o qu\u1ea3n<\/h2>\n<p data-start=\"2107\" data-end=\"2226\">B\u1ea3o qu\u1ea3n b\u00e1nh trong <strong data-start=\"2127\" data-end=\"2147\">ng\u0103n m\u00e1t t\u1ee7 l\u1ea1nh<\/strong>.<br data-start=\"2148\" data-end=\"2151\" \/>\u0110\u1ec3 gi\u1eef h\u01b0\u01a1ng v\u1ecb ngon nh\u1ea5t, n\u00ean d\u00f9ng trong <strong data-start=\"2193\" data-end=\"2207\">1 \u2013 2 ng\u00e0y<\/strong> sau khi nh\u1eadn b\u00e1nh.<\/p>\n<p data-start=\"2228\" data-end=\"2286\"><strong data-start=\"2228\" data-end=\"2286\">Ngon nh\u1ea5t khi d\u00f9ng trong 1 \u2013 2 ng\u00e0y sau khi nh\u1eadn b\u00e1nh.<\/strong><\/p>\n","protected":false},"excerpt":{"rendered":"<p>Velvet Cherry Cake \u2013 Ng\u1ecdt Ng\u00e0o, Sang Tr\u1ecdng, Cu\u1ed1n H\u00fat Velvet Cherry Cake l\u00e0 d\u00f2ng b\u00e1nh kem n\u1ed5i b\u1eadt t\u1ea1i Quin Quin Sweet, g\u00e2y \u1ea5n t\u01b0\u1ee3ng v\u1edbi s\u1eafc \u0111\u1ecf cherry quy\u1ebfn r\u0169 v\u00e0 l\u1edbp ph\u1ee7 b\u00f3ng m\u1ecbn \u0111\u1ea7y sang tr\u1ecdng. B\u00e1nh mang v\u1ebb \u0111\u1eb9p tinh t\u1ebf, hi\u1ec7n \u0111\u1ea1i c\u00f9ng h\u01b0\u01a1ng v\u1ecb ng\u1ecdt d\u1ecbu, m\u1ec1m m\u1ecbn [&#8230;]\n","protected":false},"featured_media":111,"comment_status":"open","ping_status":"closed","template":"","meta":[],"product_brand":[26],"product_cat":[34,27,33],"product_tag":[],"class_list":{"0":"post-110","1":"product","2":"type-product","3":"status-publish","4":"has-post-thumbnail","6":"product_brand-quin-quin-sweet","7":"product_cat-banh-kem","8":"product_cat-best-seller","9":"product_cat-bo-suu-tam-quin-quin-sweet","11":"first","12":"instock","13":"shipping-taxable","14":"purchasable","15":"product-type-variable"},"yoast_head":"<!-- This site is optimized with the Yoast SEO plugin v27.2 - https:\/\/yoast.com\/product\/yoast-seo-wordpress\/ -->\n<title>Velvet Cherry Cake - Quin Quin Sweet<\/title>\n<meta name=\"description\" content=\"Velvet Cherry Cake m\u1ec1m m\u1ecbn, ph\u1ee7 cherry b\u00f3ng \u0111\u1eb9p, v\u1ecb ng\u1ecdt d\u1ecbu h\u00e0i h\u00f2a, thi\u1ebft k\u1ebf sang tr\u1ecdng, d\u1ec5 th\u01b0\u1edfng th\u1ee9c v\u00e0 ph\u00f9 h\u1ee3p cho nhi\u1ec1u d\u1ecbp \u0111\u1eb7c bi\u1ec7t.\" \/>\n<meta name=\"robots\" content=\"index, follow, max-snippet:-1, max-image-preview:large, max-video-preview:-1\" \/>\n<link rel=\"canonical\" href=\"https:\/\/quinquin.azdigi.shop\/index.php\/product\/velvet-cherry-cake\/\" \/>\n<meta property=\"og:locale\" content=\"vi_VN\" \/>\n<meta property=\"og:type\" content=\"article\" \/>\n<meta property=\"og:title\" content=\"Velvet Cherry Cake - Quin Quin Sweet\" \/>\n<meta property=\"og:description\" content=\"Velvet Cherry Cake m\u1ec1m m\u1ecbn, ph\u1ee7 cherry b\u00f3ng \u0111\u1eb9p, v\u1ecb ng\u1ecdt d\u1ecbu h\u00e0i h\u00f2a, thi\u1ebft k\u1ebf sang tr\u1ecdng, d\u1ec5 th\u01b0\u1edfng th\u1ee9c v\u00e0 ph\u00f9 h\u1ee3p cho nhi\u1ec1u d\u1ecbp \u0111\u1eb7c bi\u1ec7t.\" \/>\n<meta property=\"og:url\" content=\"https:\/\/quinquin.azdigi.shop\/index.php\/product\/velvet-cherry-cake\/\" \/>\n<meta property=\"og:site_name\" content=\"Quin Quin Sweet\" \/>\n<meta property=\"article:modified_time\" content=\"2026-04-02T06:01:46+00:00\" \/>\n<meta property=\"og:image\" content=\"https:\/\/quinquin.azdigi.shop\/wp-content\/uploads\/2026\/03\/banh-thuong-hang-7.png\" \/>\n\t<meta property=\"og:image:width\" content=\"556\" \/>\n\t<meta property=\"og:image:height\" content=\"784\" \/>\n\t<meta property=\"og:image:type\" content=\"image\/png\" \/>\n<meta name=\"twitter:card\" content=\"summary_large_image\" \/>\n<meta name=\"twitter:label1\" content=\"\u01af\u1edbc t\u00ednh th\u1eddi gian \u0111\u1ecdc\" \/>\n\t<meta name=\"twitter:data1\" content=\"3 ph\u00fat\" \/>\n<script type=\"application\/ld+json\" class=\"yoast-schema-graph\">{\"@context\":\"https:\/\/schema.org\",\"@graph\":[{\"@type\":\"WebPage\",\"@id\":\"https:\/\/quinquin.azdigi.shop\/index.php\/product\/velvet-cherry-cake\/\",\"url\":\"https:\/\/quinquin.azdigi.shop\/index.php\/product\/velvet-cherry-cake\/\",\"name\":\"Velvet Cherry Cake - Quin Quin Sweet\",\"isPartOf\":{\"@id\":\"https:\/\/quinquin.azdigi.shop\/#website\"},\"primaryImageOfPage\":{\"@id\":\"https:\/\/quinquin.azdigi.shop\/index.php\/product\/velvet-cherry-cake\/#primaryimage\"},\"image\":{\"@id\":\"https:\/\/quinquin.azdigi.shop\/index.php\/product\/velvet-cherry-cake\/#primaryimage\"},\"thumbnailUrl\":\"https:\/\/quinquin.azdigi.shop\/wp-content\/uploads\/2026\/03\/banh-thuong-hang-7.png\",\"datePublished\":\"2026-03-27T11:33:07+00:00\",\"dateModified\":\"2026-04-02T06:01:46+00:00\",\"description\":\"Velvet Cherry Cake m\u1ec1m m\u1ecbn, ph\u1ee7 cherry b\u00f3ng \u0111\u1eb9p, v\u1ecb ng\u1ecdt d\u1ecbu h\u00e0i h\u00f2a, thi\u1ebft k\u1ebf sang tr\u1ecdng, d\u1ec5 th\u01b0\u1edfng th\u1ee9c v\u00e0 ph\u00f9 h\u1ee3p cho nhi\u1ec1u d\u1ecbp \u0111\u1eb7c bi\u1ec7t.\",\"breadcrumb\":{\"@id\":\"https:\/\/quinquin.azdigi.shop\/index.php\/product\/velvet-cherry-cake\/#breadcrumb\"},\"inLanguage\":\"vi\",\"potentialAction\":[{\"@type\":\"ReadAction\",\"target\":[\"https:\/\/quinquin.azdigi.shop\/index.php\/product\/velvet-cherry-cake\/\"]}]},{\"@type\":\"ImageObject\",\"inLanguage\":\"vi\",\"@id\":\"https:\/\/quinquin.azdigi.shop\/index.php\/product\/velvet-cherry-cake\/#primaryimage\",\"url\":\"https:\/\/quinquin.azdigi.shop\/wp-content\/uploads\/2026\/03\/banh-thuong-hang-7.png\",\"contentUrl\":\"https:\/\/quinquin.azdigi.shop\/wp-content\/uploads\/2026\/03\/banh-thuong-hang-7.png\",\"width\":556,\"height\":784},{\"@type\":\"BreadcrumbList\",\"@id\":\"https:\/\/quinquin.azdigi.shop\/index.php\/product\/velvet-cherry-cake\/#breadcrumb\",\"itemListElement\":[{\"@type\":\"ListItem\",\"position\":1,\"name\":\"Home\",\"item\":\"https:\/\/quinquin.azdigi.shop\/\"},{\"@type\":\"ListItem\",\"position\":2,\"name\":\"C\u1eeda h\u00e0ng\",\"item\":\"https:\/\/quinquin.azdigi.shop\/index.php\/shop\/\"},{\"@type\":\"ListItem\",\"position\":3,\"name\":\"Velvet Cherry Cake\"}]},{\"@type\":\"WebSite\",\"@id\":\"https:\/\/quinquin.azdigi.shop\/#website\",\"url\":\"https:\/\/quinquin.azdigi.shop\/\",\"name\":\"Quin Quin Sweet\",\"description\":\"\",\"potentialAction\":[{\"@type\":\"SearchAction\",\"target\":{\"@type\":\"EntryPoint\",\"urlTemplate\":\"https:\/\/quinquin.azdigi.shop\/?s={search_term_string}\"},\"query-input\":{\"@type\":\"PropertyValueSpecification\",\"valueRequired\":true,\"valueName\":\"search_term_string\"}}],\"inLanguage\":\"vi\"}]}<\/script>\n<!-- \/ Yoast SEO plugin. -->","yoast_head_json":{"title":"Velvet Cherry Cake - Quin Quin Sweet","description":"Velvet Cherry Cake m\u1ec1m m\u1ecbn, ph\u1ee7 cherry b\u00f3ng \u0111\u1eb9p, v\u1ecb ng\u1ecdt d\u1ecbu h\u00e0i h\u00f2a, thi\u1ebft k\u1ebf sang tr\u1ecdng, d\u1ec5 th\u01b0\u1edfng th\u1ee9c v\u00e0 ph\u00f9 h\u1ee3p cho nhi\u1ec1u d\u1ecbp \u0111\u1eb7c bi\u1ec7t.","robots":{"index":"index","follow":"follow","max-snippet":"max-snippet:-1","max-image-preview":"max-image-preview:large","max-video-preview":"max-video-preview:-1"},"canonical":"https:\/\/quinquin.azdigi.shop\/index.php\/product\/velvet-cherry-cake\/","og_locale":"vi_VN","og_type":"article","og_title":"Velvet Cherry Cake - Quin Quin Sweet","og_description":"Velvet Cherry Cake m\u1ec1m m\u1ecbn, ph\u1ee7 cherry b\u00f3ng \u0111\u1eb9p, v\u1ecb ng\u1ecdt d\u1ecbu h\u00e0i h\u00f2a, thi\u1ebft k\u1ebf sang tr\u1ecdng, d\u1ec5 th\u01b0\u1edfng th\u1ee9c v\u00e0 ph\u00f9 h\u1ee3p cho nhi\u1ec1u d\u1ecbp \u0111\u1eb7c bi\u1ec7t.","og_url":"https:\/\/quinquin.azdigi.shop\/index.php\/product\/velvet-cherry-cake\/","og_site_name":"Quin Quin Sweet","article_modified_time":"2026-04-02T06:01:46+00:00","og_image":[{"width":556,"height":784,"url":"https:\/\/quinquin.azdigi.shop\/wp-content\/uploads\/2026\/03\/banh-thuong-hang-7.png","type":"image\/png"}],"twitter_card":"summary_large_image","twitter_misc":{"\u01af\u1edbc t\u00ednh th\u1eddi gian \u0111\u1ecdc":"3 ph\u00fat"},"schema":{"@context":"https:\/\/schema.org","@graph":[{"@type":"WebPage","@id":"https:\/\/quinquin.azdigi.shop\/index.php\/product\/velvet-cherry-cake\/","url":"https:\/\/quinquin.azdigi.shop\/index.php\/product\/velvet-cherry-cake\/","name":"Velvet Cherry Cake - Quin Quin Sweet","isPartOf":{"@id":"https:\/\/quinquin.azdigi.shop\/#website"},"primaryImageOfPage":{"@id":"https:\/\/quinquin.azdigi.shop\/index.php\/product\/velvet-cherry-cake\/#primaryimage"},"image":{"@id":"https:\/\/quinquin.azdigi.shop\/index.php\/product\/velvet-cherry-cake\/#primaryimage"},"thumbnailUrl":"https:\/\/quinquin.azdigi.shop\/wp-content\/uploads\/2026\/03\/banh-thuong-hang-7.png","datePublished":"2026-03-27T11:33:07+00:00","dateModified":"2026-04-02T06:01:46+00:00","description":"Velvet Cherry Cake m\u1ec1m m\u1ecbn, ph\u1ee7 cherry b\u00f3ng \u0111\u1eb9p, v\u1ecb ng\u1ecdt d\u1ecbu h\u00e0i h\u00f2a, thi\u1ebft k\u1ebf sang tr\u1ecdng, d\u1ec5 th\u01b0\u1edfng th\u1ee9c v\u00e0 ph\u00f9 h\u1ee3p cho nhi\u1ec1u d\u1ecbp \u0111\u1eb7c bi\u1ec7t.","breadcrumb":{"@id":"https:\/\/quinquin.azdigi.shop\/index.php\/product\/velvet-cherry-cake\/#breadcrumb"},"inLanguage":"vi","potentialAction":[{"@type":"ReadAction","target":["https:\/\/quinquin.azdigi.shop\/index.php\/product\/velvet-cherry-cake\/"]}]},{"@type":"ImageObject","inLanguage":"vi","@id":"https:\/\/quinquin.azdigi.shop\/index.php\/product\/velvet-cherry-cake\/#primaryimage","url":"https:\/\/quinquin.azdigi.shop\/wp-content\/uploads\/2026\/03\/banh-thuong-hang-7.png","contentUrl":"https:\/\/quinquin.azdigi.shop\/wp-content\/uploads\/2026\/03\/banh-thuong-hang-7.png","width":556,"height":784},{"@type":"BreadcrumbList","@id":"https:\/\/quinquin.azdigi.shop\/index.php\/product\/velvet-cherry-cake\/#breadcrumb","itemListElement":[{"@type":"ListItem","position":1,"name":"Home","item":"https:\/\/quinquin.azdigi.shop\/"},{"@type":"ListItem","position":2,"name":"C\u1eeda h\u00e0ng","item":"https:\/\/quinquin.azdigi.shop\/index.php\/shop\/"},{"@type":"ListItem","position":3,"name":"Velvet Cherry Cake"}]},{"@type":"WebSite","@id":"https:\/\/quinquin.azdigi.shop\/#website","url":"https:\/\/quinquin.azdigi.shop\/","name":"Quin Quin Sweet","description":"","potentialAction":[{"@type":"SearchAction","target":{"@type":"EntryPoint","urlTemplate":"https:\/\/quinquin.azdigi.shop\/?s={search_term_string}"},"query-input":{"@type":"PropertyValueSpecification","valueRequired":true,"valueName":"search_term_string"}}],"inLanguage":"vi"}]}},"_links":{"self":[{"href":"https:\/\/quinquin.azdigi.shop\/index.php\/wp-json\/wp\/v2\/product\/110","targetHints":{"allow":["GET"]}}],"collection":[{"href":"https:\/\/quinquin.azdigi.shop\/index.php\/wp-json\/wp\/v2\/product"}],"about":[{"href":"https:\/\/quinquin.azdigi.shop\/index.php\/wp-json\/wp\/v2\/types\/product"}],"replies":[{"embeddable":true,"href":"https:\/\/quinquin.azdigi.shop\/index.php\/wp-json\/wp\/v2\/comments?post=110"}],"wp:featuredmedia":[{"embeddable":true,"href":"https:\/\/quinquin.azdigi.shop\/index.php\/wp-json\/wp\/v2\/media\/111"}],"wp:attachment":[{"href":"https:\/\/quinquin.azdigi.shop\/index.php\/wp-json\/wp\/v2\/media?parent=110"}],"wp:term":[{"taxonomy":"product_brand","embeddable":true,"href":"https:\/\/quinquin.azdigi.shop\/index.php\/wp-json\/wp\/v2\/product_brand?post=110"},{"taxonomy":"product_cat","embeddable":true,"href":"https:\/\/quinquin.azdigi.shop\/index.php\/wp-json\/wp\/v2\/product_cat?post=110"},{"taxonomy":"product_tag","embeddable":true,"href":"https:\/\/quinquin.azdigi.shop\/index.php\/wp-json\/wp\/v2\/product_tag?post=110"}],"curies":[{"name":"wp","href":"https:\/\/api.w.org\/{rel}","templated":true}]}}