{"id":124,"date":"2026-03-27T12:01:54","date_gmt":"2026-03-27T12:01:54","guid":{"rendered":"https:\/\/quinquin.azdigi.shop\/?post_type=product&#038;p=124"},"modified":"2026-04-02T05:30:48","modified_gmt":"2026-04-02T05:30:48","slug":"banh-su-kem","status":"publish","type":"product","link":"https:\/\/quinquin.azdigi.shop\/index.php\/product\/banh-su-kem\/","title":{"rendered":"B\u00e1nh su kem"},"content":{"rendered":"<h1 data-section-id=\"1lrn9ob\" data-start=\"79\" data-end=\"146\">B\u00e1nh Su Kem \u2013 V\u1ecf Gi\u00f2n Nh\u1eb9, Nh\u00e2n Kem M\u1ecbn, Ng\u1ecdt Ng\u00e0o D\u1ec5 Th\u01b0\u1edfng Th\u1ee9c<\/h1>\n<p data-start=\"148\" data-end=\"389\"><strong data-start=\"148\" data-end=\"163\">B\u00e1nh su kem<\/strong> l\u00e0 m\u00f3n b\u00e1nh ng\u1ecdt \u0111\u01b0\u1ee3c nhi\u1ec1u kh\u00e1ch h\u00e0ng y\u00eau th\u00edch t\u1ea1i <strong data-start=\"217\" data-end=\"236\">Quin Quin Sweet<\/strong> nh\u1edd l\u1edbp v\u1ecf m\u1ec1m gi\u00f2n nh\u1eb9 v\u00e0 ph\u1ea7n nh\u00e2n kem m\u1ecbn m\u00e0ng, b\u00e9o d\u1ecbu. B\u00e1nh mang h\u01b0\u01a1ng v\u1ecb h\u00e0i h\u00f2a, ng\u1ecdt v\u1eeba ph\u1ea3i v\u00e0 r\u1ea5t d\u1ec5 \u0103n, ph\u00f9 h\u1ee3p v\u1edbi nhi\u1ec1u kh\u1ea9u v\u1ecb kh\u00e1c nhau.<\/p>\n<h2 data-section-id=\"csies9\" data-start=\"391\" data-end=\"426\">H\u01b0\u01a1ng v\u1ecb ng\u1ecdt d\u1ecbu, b\u00e9o nh\u1eb9 d\u1ec5 \u0103n<\/h2>\n<p data-start=\"428\" data-end=\"703\">Ngay t\u1eeb l\u1ea7n \u0111\u1ea7u th\u01b0\u1edfng th\u1ee9c, b\u1ea1n s\u1ebd c\u1ea3m nh\u1eadn \u0111\u01b0\u1ee3c l\u1edbp v\u1ecf b\u00e1nh th\u01a1m nh\u1eb9 k\u1ebft h\u1ee3p c\u00f9ng ph\u1ea7n kem m\u00e1t l\u1ea1nh b\u00ean trong. <strong data-start=\"541\" data-end=\"556\">B\u00e1nh su kem<\/strong> c\u00f3 v\u1ecb ng\u1ecdt d\u1ecbu, b\u00e9o v\u1eeba ph\u1ea3i v\u00e0 kh\u00f4ng g\u00e2y ng\u1ea5y. Nh\u1edd \u0111\u00f3, b\u00e1nh t\u1ea1o c\u1ea3m gi\u00e1c ngon mi\u1ec7ng, nh\u1eb9 nh\u00e0ng v\u00e0 d\u1ec5 th\u01b0\u1edfng th\u1ee9c trong nhi\u1ec1u th\u1eddi \u0111i\u1ec3m kh\u00e1c nhau.<\/p>\n<h2 data-section-id=\"156m5vn\" data-start=\"705\" data-end=\"743\">V\u1ecf b\u00e1nh m\u1ec1m gi\u00f2n, nh\u00e2n kem m\u1ecbn m\u00e0ng<\/h2>\n<p data-start=\"745\" data-end=\"995\">\u0110i\u1ec3m n\u1ed5i b\u1eadt c\u1ee7a <strong data-start=\"762\" data-end=\"777\">b\u00e1nh su kem<\/strong> l\u00e0 s\u1ef1 k\u1ebft h\u1ee3p gi\u1eefa l\u1edbp v\u1ecf v\u00e0ng th\u01a1m v\u00e0 ph\u1ea7n nh\u00e2n kem m\u1ec1m m\u1ecbn. Khi c\u1eafn nh\u1eb9, b\u1ea1n s\u1ebd c\u1ea3m nh\u1eadn \u0111\u01b0\u1ee3c l\u1edbp b\u00e1nh x\u1ed1p nh\u1eb9 b\u00ean ngo\u00e0i v\u00e0 ph\u1ea7n kem tan m\u1ec1m b\u00ean trong. S\u1ef1 h\u00f2a quy\u1ec7n n\u00e0y gi\u00fap m\u00f3n b\u00e1nh tr\u1edf n\u00ean cu\u1ed1n h\u00fat v\u00e0 h\u1ea5p d\u1eabn h\u01a1n.<\/p>\n<h2 data-section-id=\"yo4se7\" data-start=\"997\" data-end=\"1033\">M\u00e1t l\u1ea1nh, th\u01a1m ngon v\u00e0 kh\u00f4ng ng\u1ea5y<\/h2>\n<p data-start=\"1035\" data-end=\"1277\"><strong data-start=\"1035\" data-end=\"1050\">B\u00e1nh su kem<\/strong> ngon h\u01a1n khi d\u00f9ng l\u1ea1nh. Ph\u1ea7n kem b\u00ean trong mang l\u1ea1i c\u1ea3m gi\u00e1c m\u00e1t d\u1ecbu, gi\u00fap c\u00e2n b\u1eb1ng v\u1ecb gi\u00e1c v\u00e0 t\u1ea1o n\u00ean tr\u1ea3i nghi\u1ec7m d\u1ec5 ch\u1ecbu khi th\u01b0\u1edfng th\u1ee9c. \u0110\u00e2y l\u00e0 l\u1ef1a ch\u1ecdn ph\u00f9 h\u1ee3p cho nh\u1eefng ai y\u00eau th\u00edch c\u00e1c m\u00f3n b\u00e1nh m\u1ec1m, kem m\u1ecbn v\u00e0 thanh nh\u1eb9.<\/p>\n<h2 data-section-id=\"1qmd70u\" data-start=\"1279\" data-end=\"1320\">Ph\u00f9 h\u1ee3p cho nhi\u1ec1u th\u1eddi \u0111i\u1ec3m trong ng\u00e0y<\/h2>\n<p data-start=\"1322\" data-end=\"1530\">B\u00e1nh th\u00edch h\u1ee3p cho b\u1eefa x\u1ebf, \u0103n v\u1eb7t ho\u1eb7c d\u00f9ng nh\u01b0 m\u00f3n tr\u00e1ng mi\u1ec7ng sau b\u1eefa \u0103n. Ngo\u00e0i ra, <strong data-start=\"1408\" data-end=\"1423\">b\u00e1nh su kem<\/strong> c\u0169ng r\u1ea5t ph\u00f9 h\u1ee3p \u0111\u1ec3 d\u00f9ng trong ti\u1ec7c ng\u1ecdt, h\u1ecdp m\u1eb7t ho\u1eb7c l\u00e0m m\u00f3n qu\u00e0 nh\u1ecf xinh d\u00e0nh cho ng\u01b0\u1eddi th\u00e2n v\u00e0 b\u1ea1n b\u00e8.<\/p>\n<h2 data-section-id=\"8ql2k1\" data-start=\"1532\" data-end=\"1589\">H\u00ecnh th\u1ee9c \u0111\u1eb9p m\u1eaft, th\u00edch h\u1ee3p \u0111\u1ec3 th\u01b0\u1edfng th\u1ee9c v\u00e0 chia s\u1ebb<\/h2>\n<p data-start=\"1591\" data-end=\"1818\">Kh\u00f4ng ch\u1ec9 ngon, <strong data-start=\"1607\" data-end=\"1622\">b\u00e1nh su kem<\/strong> c\u00f2n c\u00f3 h\u00ecnh th\u1ee9c tr\u00f2n xinh, b\u1eaft m\u1eaft v\u00e0 d\u1ec5 t\u1ea1o thi\u1ec7n c\u1ea3m. L\u1edbp \u0111\u01b0\u1eddng ph\u1ee7 nh\u1eb9 tr\u00ean b\u1ec1 m\u1eb7t gi\u00fap b\u00e1nh th\u00eam ph\u1ea7n h\u1ea5p d\u1eabn. S\u1ea3n ph\u1ea9m ph\u00f9 h\u1ee3p \u0111\u1ec3 th\u01b0\u1edfng th\u1ee9c h\u1eb1ng ng\u00e0y ho\u1eb7c chu\u1ea9n b\u1ecb cho nh\u1eefng d\u1ecbp \u0111\u1eb7c bi\u1ec7t.<\/p>\n<h2 data-section-id=\"y9xf2z\" data-start=\"1820\" data-end=\"1855\">\u0110\u1eb7c \u0111i\u1ec3m n\u1ed5i b\u1eadt c\u1ee7a b\u00e1nh su kem<\/h2>\n<ul data-start=\"1857\" data-end=\"1984\">\n<li data-section-id=\"14ypx3u\" data-start=\"1857\" data-end=\"1888\">V\u1ecf b\u00e1nh v\u00e0ng th\u01a1m, gi\u00f2n nh\u1eb9<\/li>\n<li data-section-id=\"1m61l2y\" data-start=\"1889\" data-end=\"1918\">Nh\u00e2n kem m\u1ec1m m\u1ecbn, b\u00e9o d\u1ecbu<\/li>\n<li data-section-id=\"1wmnbiw\" data-start=\"1919\" data-end=\"1957\">V\u1ecb ng\u1ecdt h\u00e0i h\u00f2a, d\u1ec5 \u0103n, kh\u00f4ng ng\u1ea5y<\/li>\n<li data-section-id=\"noyvpu\" data-start=\"1958\" data-end=\"1984\">Ngon h\u01a1n khi d\u00f9ng l\u1ea1nh<\/li>\n<\/ul>\n<h2 data-section-id=\"1v191je\" data-start=\"1986\" data-end=\"2008\">Kh\u1ed1i l\u01b0\u1ee3ng s\u1ea3n ph\u1ea9m<\/h2>\n<p data-start=\"2010\" data-end=\"2103\">Kho\u1ea3ng <strong data-start=\"2017\" data-end=\"2036\">50 \u2013 70g \/ b\u00e1nh<\/strong><\/p>\n<p data-start=\"2010\" data-end=\"2103\"><strong>H\u01b0\u1edbng d\u1eabn b\u1ea3o qu\u1ea3n<\/strong><\/p>\n<p data-start=\"2128\" data-end=\"2247\">B\u1ea3o qu\u1ea3n b\u00e1nh trong <strong data-start=\"2148\" data-end=\"2168\">ng\u0103n m\u00e1t t\u1ee7 l\u1ea1nh<\/strong>.<br data-start=\"2169\" data-end=\"2172\" \/>\u0110\u1ec3 gi\u1eef h\u01b0\u01a1ng v\u1ecb ngon nh\u1ea5t, n\u00ean d\u00f9ng trong <strong data-start=\"2214\" data-end=\"2228\">1 \u2013 2 ng\u00e0y<\/strong> sau khi nh\u1eadn b\u00e1nh.<\/p>\n<p data-start=\"2249\" data-end=\"2323\"><strong data-start=\"2249\" data-end=\"2323\">Ngon nh\u1ea5t khi d\u00f9ng l\u1ea1nh v\u00e0 s\u1eed d\u1ee5ng trong 1 \u2013 2 ng\u00e0y sau khi nh\u1eadn b\u00e1nh.<\/strong><\/p>\n","protected":false},"excerpt":{"rendered":"<p>B\u00e1nh Su Kem \u2013 V\u1ecf Gi\u00f2n Nh\u1eb9, Nh\u00e2n Kem M\u1ecbn, Ng\u1ecdt Ng\u00e0o D\u1ec5 Th\u01b0\u1edfng Th\u1ee9c B\u00e1nh su kem l\u00e0 m\u00f3n b\u00e1nh ng\u1ecdt \u0111\u01b0\u1ee3c nhi\u1ec1u kh\u00e1ch h\u00e0ng y\u00eau th\u00edch t\u1ea1i Quin Quin Sweet nh\u1edd l\u1edbp v\u1ecf m\u1ec1m gi\u00f2n nh\u1eb9 v\u00e0 ph\u1ea7n nh\u00e2n kem m\u1ecbn m\u00e0ng, b\u00e9o d\u1ecbu. B\u00e1nh mang h\u01b0\u01a1ng v\u1ecb h\u00e0i h\u00f2a, ng\u1ecdt v\u1eeba ph\u1ea3i [&#8230;]\n","protected":false},"featured_media":125,"comment_status":"open","ping_status":"closed","template":"","meta":[],"product_brand":[26],"product_cat":[29,27],"product_tag":[],"class_list":{"0":"post-124","1":"product","2":"type-product","3":"status-publish","4":"has-post-thumbnail","6":"product_brand-quin-quin-sweet","7":"product_cat-banh-an-vat","8":"product_cat-best-seller","10":"first","11":"instock","12":"sale","13":"shipping-taxable","14":"purchasable","15":"product-type-variable"},"yoast_head":"<!-- This site is optimized with the Yoast SEO plugin v27.2 - https:\/\/yoast.com\/product\/yoast-seo-wordpress\/ -->\n<title>B\u00e1nh su kem - Quin Quin Sweet<\/title>\n<meta name=\"description\" content=\"B\u00e1nh su kem v\u1ecf gi\u00f2n nh\u1eb9, nh\u00e2n kem m\u1ecbn b\u00e9o d\u1ecbu, v\u1ecb ng\u1ecdt h\u00e0i h\u00f2a, m\u00e1t l\u1ea1nh, d\u1ec5 \u0103n v\u00e0 kh\u00f4ng ng\u1ea5y. Ph\u00f9 h\u1ee3p \u0103n v\u1eb7t ho\u1eb7c tr\u00e1ng mi\u1ec7ng m\u1ed7i ng\u00e0y.\" \/>\n<meta name=\"robots\" content=\"index, follow, max-snippet:-1, max-image-preview:large, max-video-preview:-1\" \/>\n<link rel=\"canonical\" href=\"https:\/\/quinquin.azdigi.shop\/index.php\/product\/banh-su-kem\/\" \/>\n<meta property=\"og:locale\" content=\"vi_VN\" \/>\n<meta property=\"og:type\" content=\"article\" \/>\n<meta property=\"og:title\" content=\"B\u00e1nh su kem - Quin Quin Sweet\" \/>\n<meta property=\"og:description\" content=\"B\u00e1nh su kem v\u1ecf gi\u00f2n nh\u1eb9, nh\u00e2n kem m\u1ecbn b\u00e9o d\u1ecbu, v\u1ecb ng\u1ecdt h\u00e0i h\u00f2a, m\u00e1t l\u1ea1nh, d\u1ec5 \u0103n v\u00e0 kh\u00f4ng ng\u1ea5y. Ph\u00f9 h\u1ee3p \u0103n v\u1eb7t ho\u1eb7c tr\u00e1ng mi\u1ec7ng m\u1ed7i ng\u00e0y.\" \/>\n<meta property=\"og:url\" content=\"https:\/\/quinquin.azdigi.shop\/index.php\/product\/banh-su-kem\/\" \/>\n<meta property=\"og:site_name\" content=\"Quin Quin Sweet\" \/>\n<meta property=\"article:modified_time\" content=\"2026-04-02T05:30:48+00:00\" \/>\n<meta property=\"og:image\" content=\"https:\/\/quinquin.azdigi.shop\/wp-content\/uploads\/2026\/03\/banh-su-kem.png\" \/>\n\t<meta property=\"og:image:width\" content=\"559\" \/>\n\t<meta property=\"og:image:height\" content=\"784\" \/>\n\t<meta property=\"og:image:type\" content=\"image\/png\" \/>\n<meta name=\"twitter:card\" content=\"summary_large_image\" \/>\n<meta name=\"twitter:label1\" content=\"\u01af\u1edbc t\u00ednh th\u1eddi gian \u0111\u1ecdc\" \/>\n\t<meta name=\"twitter:data1\" content=\"3 ph\u00fat\" \/>\n<script type=\"application\/ld+json\" class=\"yoast-schema-graph\">{\"@context\":\"https:\/\/schema.org\",\"@graph\":[{\"@type\":\"WebPage\",\"@id\":\"https:\/\/quinquin.azdigi.shop\/index.php\/product\/banh-su-kem\/\",\"url\":\"https:\/\/quinquin.azdigi.shop\/index.php\/product\/banh-su-kem\/\",\"name\":\"B\u00e1nh su kem - Quin Quin Sweet\",\"isPartOf\":{\"@id\":\"https:\/\/quinquin.azdigi.shop\/#website\"},\"primaryImageOfPage\":{\"@id\":\"https:\/\/quinquin.azdigi.shop\/index.php\/product\/banh-su-kem\/#primaryimage\"},\"image\":{\"@id\":\"https:\/\/quinquin.azdigi.shop\/index.php\/product\/banh-su-kem\/#primaryimage\"},\"thumbnailUrl\":\"https:\/\/quinquin.azdigi.shop\/wp-content\/uploads\/2026\/03\/banh-su-kem.png\",\"datePublished\":\"2026-03-27T12:01:54+00:00\",\"dateModified\":\"2026-04-02T05:30:48+00:00\",\"description\":\"B\u00e1nh su kem v\u1ecf gi\u00f2n nh\u1eb9, nh\u00e2n kem m\u1ecbn b\u00e9o d\u1ecbu, v\u1ecb ng\u1ecdt h\u00e0i h\u00f2a, m\u00e1t l\u1ea1nh, d\u1ec5 \u0103n v\u00e0 kh\u00f4ng ng\u1ea5y. Ph\u00f9 h\u1ee3p \u0103n v\u1eb7t ho\u1eb7c tr\u00e1ng mi\u1ec7ng m\u1ed7i ng\u00e0y.\",\"breadcrumb\":{\"@id\":\"https:\/\/quinquin.azdigi.shop\/index.php\/product\/banh-su-kem\/#breadcrumb\"},\"inLanguage\":\"vi\",\"potentialAction\":[{\"@type\":\"ReadAction\",\"target\":[\"https:\/\/quinquin.azdigi.shop\/index.php\/product\/banh-su-kem\/\"]}]},{\"@type\":\"ImageObject\",\"inLanguage\":\"vi\",\"@id\":\"https:\/\/quinquin.azdigi.shop\/index.php\/product\/banh-su-kem\/#primaryimage\",\"url\":\"https:\/\/quinquin.azdigi.shop\/wp-content\/uploads\/2026\/03\/banh-su-kem.png\",\"contentUrl\":\"https:\/\/quinquin.azdigi.shop\/wp-content\/uploads\/2026\/03\/banh-su-kem.png\",\"width\":559,\"height\":784},{\"@type\":\"BreadcrumbList\",\"@id\":\"https:\/\/quinquin.azdigi.shop\/index.php\/product\/banh-su-kem\/#breadcrumb\",\"itemListElement\":[{\"@type\":\"ListItem\",\"position\":1,\"name\":\"Home\",\"item\":\"https:\/\/quinquin.azdigi.shop\/\"},{\"@type\":\"ListItem\",\"position\":2,\"name\":\"C\u1eeda h\u00e0ng\",\"item\":\"https:\/\/quinquin.azdigi.shop\/index.php\/shop\/\"},{\"@type\":\"ListItem\",\"position\":3,\"name\":\"B\u00e1nh su kem\"}]},{\"@type\":\"WebSite\",\"@id\":\"https:\/\/quinquin.azdigi.shop\/#website\",\"url\":\"https:\/\/quinquin.azdigi.shop\/\",\"name\":\"Quin Quin Sweet\",\"description\":\"\",\"potentialAction\":[{\"@type\":\"SearchAction\",\"target\":{\"@type\":\"EntryPoint\",\"urlTemplate\":\"https:\/\/quinquin.azdigi.shop\/?s={search_term_string}\"},\"query-input\":{\"@type\":\"PropertyValueSpecification\",\"valueRequired\":true,\"valueName\":\"search_term_string\"}}],\"inLanguage\":\"vi\"}]}<\/script>\n<!-- \/ Yoast SEO plugin. -->","yoast_head_json":{"title":"B\u00e1nh su kem - Quin Quin Sweet","description":"B\u00e1nh su kem v\u1ecf gi\u00f2n nh\u1eb9, nh\u00e2n kem m\u1ecbn b\u00e9o d\u1ecbu, v\u1ecb ng\u1ecdt h\u00e0i h\u00f2a, m\u00e1t l\u1ea1nh, d\u1ec5 \u0103n v\u00e0 kh\u00f4ng ng\u1ea5y. Ph\u00f9 h\u1ee3p \u0103n v\u1eb7t ho\u1eb7c tr\u00e1ng mi\u1ec7ng m\u1ed7i ng\u00e0y.","robots":{"index":"index","follow":"follow","max-snippet":"max-snippet:-1","max-image-preview":"max-image-preview:large","max-video-preview":"max-video-preview:-1"},"canonical":"https:\/\/quinquin.azdigi.shop\/index.php\/product\/banh-su-kem\/","og_locale":"vi_VN","og_type":"article","og_title":"B\u00e1nh su kem - Quin Quin Sweet","og_description":"B\u00e1nh su kem v\u1ecf gi\u00f2n nh\u1eb9, nh\u00e2n kem m\u1ecbn b\u00e9o d\u1ecbu, v\u1ecb ng\u1ecdt h\u00e0i h\u00f2a, m\u00e1t l\u1ea1nh, d\u1ec5 \u0103n v\u00e0 kh\u00f4ng ng\u1ea5y. Ph\u00f9 h\u1ee3p \u0103n v\u1eb7t ho\u1eb7c tr\u00e1ng mi\u1ec7ng m\u1ed7i ng\u00e0y.","og_url":"https:\/\/quinquin.azdigi.shop\/index.php\/product\/banh-su-kem\/","og_site_name":"Quin Quin Sweet","article_modified_time":"2026-04-02T05:30:48+00:00","og_image":[{"width":559,"height":784,"url":"https:\/\/quinquin.azdigi.shop\/wp-content\/uploads\/2026\/03\/banh-su-kem.png","type":"image\/png"}],"twitter_card":"summary_large_image","twitter_misc":{"\u01af\u1edbc t\u00ednh th\u1eddi gian \u0111\u1ecdc":"3 ph\u00fat"},"schema":{"@context":"https:\/\/schema.org","@graph":[{"@type":"WebPage","@id":"https:\/\/quinquin.azdigi.shop\/index.php\/product\/banh-su-kem\/","url":"https:\/\/quinquin.azdigi.shop\/index.php\/product\/banh-su-kem\/","name":"B\u00e1nh su kem - Quin Quin Sweet","isPartOf":{"@id":"https:\/\/quinquin.azdigi.shop\/#website"},"primaryImageOfPage":{"@id":"https:\/\/quinquin.azdigi.shop\/index.php\/product\/banh-su-kem\/#primaryimage"},"image":{"@id":"https:\/\/quinquin.azdigi.shop\/index.php\/product\/banh-su-kem\/#primaryimage"},"thumbnailUrl":"https:\/\/quinquin.azdigi.shop\/wp-content\/uploads\/2026\/03\/banh-su-kem.png","datePublished":"2026-03-27T12:01:54+00:00","dateModified":"2026-04-02T05:30:48+00:00","description":"B\u00e1nh su kem v\u1ecf gi\u00f2n nh\u1eb9, nh\u00e2n kem m\u1ecbn b\u00e9o d\u1ecbu, v\u1ecb ng\u1ecdt h\u00e0i h\u00f2a, m\u00e1t l\u1ea1nh, d\u1ec5 \u0103n v\u00e0 kh\u00f4ng ng\u1ea5y. Ph\u00f9 h\u1ee3p \u0103n v\u1eb7t ho\u1eb7c tr\u00e1ng mi\u1ec7ng m\u1ed7i ng\u00e0y.","breadcrumb":{"@id":"https:\/\/quinquin.azdigi.shop\/index.php\/product\/banh-su-kem\/#breadcrumb"},"inLanguage":"vi","potentialAction":[{"@type":"ReadAction","target":["https:\/\/quinquin.azdigi.shop\/index.php\/product\/banh-su-kem\/"]}]},{"@type":"ImageObject","inLanguage":"vi","@id":"https:\/\/quinquin.azdigi.shop\/index.php\/product\/banh-su-kem\/#primaryimage","url":"https:\/\/quinquin.azdigi.shop\/wp-content\/uploads\/2026\/03\/banh-su-kem.png","contentUrl":"https:\/\/quinquin.azdigi.shop\/wp-content\/uploads\/2026\/03\/banh-su-kem.png","width":559,"height":784},{"@type":"BreadcrumbList","@id":"https:\/\/quinquin.azdigi.shop\/index.php\/product\/banh-su-kem\/#breadcrumb","itemListElement":[{"@type":"ListItem","position":1,"name":"Home","item":"https:\/\/quinquin.azdigi.shop\/"},{"@type":"ListItem","position":2,"name":"C\u1eeda h\u00e0ng","item":"https:\/\/quinquin.azdigi.shop\/index.php\/shop\/"},{"@type":"ListItem","position":3,"name":"B\u00e1nh su kem"}]},{"@type":"WebSite","@id":"https:\/\/quinquin.azdigi.shop\/#website","url":"https:\/\/quinquin.azdigi.shop\/","name":"Quin Quin Sweet","description":"","potentialAction":[{"@type":"SearchAction","target":{"@type":"EntryPoint","urlTemplate":"https:\/\/quinquin.azdigi.shop\/?s={search_term_string}"},"query-input":{"@type":"PropertyValueSpecification","valueRequired":true,"valueName":"search_term_string"}}],"inLanguage":"vi"}]}},"_links":{"self":[{"href":"https:\/\/quinquin.azdigi.shop\/index.php\/wp-json\/wp\/v2\/product\/124","targetHints":{"allow":["GET"]}}],"collection":[{"href":"https:\/\/quinquin.azdigi.shop\/index.php\/wp-json\/wp\/v2\/product"}],"about":[{"href":"https:\/\/quinquin.azdigi.shop\/index.php\/wp-json\/wp\/v2\/types\/product"}],"replies":[{"embeddable":true,"href":"https:\/\/quinquin.azdigi.shop\/index.php\/wp-json\/wp\/v2\/comments?post=124"}],"wp:featuredmedia":[{"embeddable":true,"href":"https:\/\/quinquin.azdigi.shop\/index.php\/wp-json\/wp\/v2\/media\/125"}],"wp:attachment":[{"href":"https:\/\/quinquin.azdigi.shop\/index.php\/wp-json\/wp\/v2\/media?parent=124"}],"wp:term":[{"taxonomy":"product_brand","embeddable":true,"href":"https:\/\/quinquin.azdigi.shop\/index.php\/wp-json\/wp\/v2\/product_brand?post=124"},{"taxonomy":"product_cat","embeddable":true,"href":"https:\/\/quinquin.azdigi.shop\/index.php\/wp-json\/wp\/v2\/product_cat?post=124"},{"taxonomy":"product_tag","embeddable":true,"href":"https:\/\/quinquin.azdigi.shop\/index.php\/wp-json\/wp\/v2\/product_tag?post=124"}],"curies":[{"name":"wp","href":"https:\/\/api.w.org\/{rel}","templated":true}]}}