{"id":46,"date":"2026-03-27T06:33:06","date_gmt":"2026-03-27T06:33:06","guid":{"rendered":"https:\/\/quinquin.azdigi.shop\/?post_type=product&#038;p=46"},"modified":"2026-03-27T06:33:06","modified_gmt":"2026-03-27T06:33:06","slug":"tiramisu-socola-quin-quin-sweet","status":"publish","type":"product","link":"https:\/\/quinquin.azdigi.shop\/index.php\/product\/tiramisu-socola-quin-quin-sweet\/","title":{"rendered":"Tiramisu socola &#8211; Quin Quin Sweet"},"content":{"rendered":"<h1 data-section-id=\"hs0imo\" data-start=\"68\" data-end=\"126\">Tiramisu Socola \u2013 \u0110\u1eadm V\u1ecb Socola, M\u1ec1m M\u1ecbn, D\u1ec5 Th\u01b0\u1edfng Th\u1ee9c<\/h1>\n<p data-start=\"128\" data-end=\"364\"><strong data-start=\"128\" data-end=\"147\">Tiramisu socola<\/strong> l\u00e0 m\u00f3n tr\u00e1ng mi\u1ec7ng \u0111\u01b0\u1ee3c y\u00eau th\u00edch t\u1ea1i <strong data-start=\"186\" data-end=\"205\">Quin Quin Sweet<\/strong>, n\u1ed5i b\u1eadt v\u1edbi s\u1ef1 k\u1ebft h\u1ee3p h\u00e0i h\u00f2a gi\u1eefa l\u1edbp b\u00e1nh m\u1ec1m \u1ea9m v\u00e0 kem socola m\u1ecbn m\u00e0ng. B\u00e1nh mang h\u01b0\u01a1ng v\u1ecb \u0111\u1eadm \u0111\u00e0, b\u00e9o nh\u1eb9 v\u00e0 d\u1ec5 \u0103n, ph\u00f9 h\u1ee3p v\u1edbi nhi\u1ec1u kh\u1ea9u v\u1ecb kh\u00e1c nhau.<\/p>\n<h2 data-section-id=\"13j7urj\" data-start=\"366\" data-end=\"407\">H\u01b0\u01a1ng v\u1ecb socola \u0111\u1eadm \u0111\u00e0, ng\u1ecdt d\u1ecbu d\u1ec5 \u0103n<\/h2>\n<p data-start=\"409\" data-end=\"709\">Ngay t\u1eeb l\u1ea7n \u0111\u1ea7u th\u01b0\u1edfng th\u1ee9c, b\u1ea1n s\u1ebd c\u1ea3m nh\u1eadn \u0111\u01b0\u1ee3c h\u01b0\u01a1ng th\u01a1m h\u1ea5p d\u1eabn c\u1ee7a socola lan t\u1ecfa nh\u1eb9 nh\u00e0ng. <strong data-start=\"508\" data-end=\"527\">Tiramisu socola<\/strong> mang v\u1ecb ng\u1ecdt d\u1ecbu k\u1ebft h\u1ee3p c\u00f9ng \u0111\u1ed9 \u0111\u1eadm v\u1ecb v\u1eeba ph\u1ea3i, t\u1ea1o n\u00ean t\u1ed5ng th\u1ec3 h\u00e0i h\u00f2a, tinh t\u1ebf v\u00e0 kh\u00f4ng g\u00e2y ng\u1ea5y. Nh\u1edd \u0111\u00f3, b\u00e1nh d\u1ec5 d\u00e0ng chinh ph\u1ee5c c\u1ea3 nh\u1eefng kh\u00e1ch h\u00e0ng y\u00eau th\u00edch h\u01b0\u01a1ng v\u1ecb socola.<\/p>\n<h2 data-section-id=\"1nncz22\" data-start=\"711\" data-end=\"747\">Kem m\u1ecbn m\u00e0ng, b\u00e1nh m\u1ec1m \u1ea9m h\u1ea5p d\u1eabn<\/h2>\n<p data-start=\"749\" data-end=\"1032\">Ph\u1ea7n kem c\u1ee7a <strong data-start=\"762\" data-end=\"781\">tiramisu socola<\/strong> c\u00f3 k\u1ebft c\u1ea5u m\u1ec1m m\u1ecbn, b\u00e9o nh\u1eb9 v\u00e0 tan nh\u1eb9 trong mi\u1ec7ng. L\u1edbp b\u00e1nh b\u00ean d\u01b0\u1edbi th\u1ea5m v\u1ecb v\u1eeba ph\u1ea3i, gi\u1eef \u0111\u01b0\u1ee3c \u0111\u1ed9 \u1ea9m v\u00e0 m\u1ec1m x\u1ed1p. Khi th\u01b0\u1edfng th\u1ee9c, b\u1ea1n s\u1ebd c\u1ea3m nh\u1eadn \u0111\u01b0\u1ee3c s\u1ef1 h\u00f2a quy\u1ec7n gi\u1eefa kem socola v\u00e0 l\u1edbp b\u00e1nh, mang l\u1ea1i tr\u1ea3i nghi\u1ec7m ng\u1ecdt ng\u00e0o nh\u01b0ng v\u1eabn r\u1ea5t nh\u1eb9 nh\u00e0ng.<\/p>\n<h2 data-section-id=\"1tjxqx2\" data-start=\"1034\" data-end=\"1070\">H\u01b0\u01a1ng v\u1ecb c\u00e2n b\u1eb1ng, kh\u00f4ng g\u00e2y ng\u1ea5y<\/h2>\n<p data-start=\"1072\" data-end=\"1324\">\u0110i\u1ec3m \u0111\u1eb7c tr\u01b0ng c\u1ee7a <strong data-start=\"1091\" data-end=\"1110\">tiramisu socola<\/strong> l\u00e0 s\u1ef1 c\u00e2n b\u1eb1ng gi\u1eefa v\u1ecb b\u00e9o c\u1ee7a kem v\u00e0 v\u1ecb socola \u0111\u1eadm d\u1ecbu. Nh\u1edd \u0111\u00f3, b\u00e1nh c\u00f3 v\u1ecb ng\u1ecdt v\u1eeba ph\u1ea3i, kh\u00f4ng qu\u00e1 g\u1eaft v\u00e0 r\u1ea5t d\u1ec5 \u0103n. \u0110\u00e2y l\u00e0 l\u1ef1a ch\u1ecdn l\u00fd t\u01b0\u1edfng cho nh\u1eefng ai y\u00eau th\u00edch m\u00f3n tr\u00e1ng mi\u1ec7ng m\u1ec1m m\u1ecbn, th\u01a1m ngon v\u00e0 tinh t\u1ebf.<\/p>\n<h2 data-section-id=\"1qmd70u\" data-start=\"1326\" data-end=\"1367\">Ph\u00f9 h\u1ee3p cho nhi\u1ec1u th\u1eddi \u0111i\u1ec3m trong ng\u00e0y<\/h2>\n<p data-start=\"1369\" data-end=\"1642\"><strong data-start=\"1369\" data-end=\"1388\">Tiramisu socola<\/strong> l\u00e0 l\u1ef1a ch\u1ecdn ho\u00e0n h\u1ea3o cho m\u00f3n tr\u00e1ng mi\u1ec7ng sau b\u1eefa \u0103n ho\u1eb7c nh\u1eefng l\u00fac mu\u1ed1n th\u01b0\u1edfng th\u1ee9c \u0111\u1ed3 ng\u1ecdt nh\u1eb9. Ngo\u00e0i ra, b\u00e1nh c\u0169ng r\u1ea5t th\u00edch h\u1ee3p cho b\u1eefa x\u1ebf ho\u1eb7c nh\u1eefng bu\u1ed5i g\u1eb7p g\u1ee1 th\u01b0 gi\u00e3n. Khi d\u00f9ng c\u00f9ng tr\u00e0 n\u00f3ng, s\u1eefa ho\u1eb7c c\u00e0 ph\u00ea, h\u01b0\u01a1ng v\u1ecb c\u1ee7a b\u00e1nh c\u00e0ng th\u00eam tr\u1ecdn v\u1eb9n.<\/p>\n<h2 data-section-id=\"yf5bn8\" data-start=\"1644\" data-end=\"1683\">H\u00ecnh th\u1ee9c tinh t\u1ebf, th\u00edch h\u1ee3p \u0111\u1ec3 t\u1eb7ng<\/h2>\n<p data-start=\"1685\" data-end=\"1908\">Kh\u00f4ng ch\u1ec9 ngon, <strong data-start=\"1701\" data-end=\"1720\">tiramisu socola<\/strong> c\u00f2n c\u00f3 h\u00ecnh th\u1ee9c \u0111\u1eb9p m\u1eaft v\u1edbi l\u1edbp b\u1ed9t socola ph\u1ee7 nh\u1eb9 tr\u00ean b\u1ec1 m\u1eb7t. S\u1ea3n ph\u1ea9m mang phong c\u00e1ch hi\u1ec7n \u0111\u1ea1i, trang nh\u00e3, ph\u00f9 h\u1ee3p \u0111\u1ec3 th\u01b0\u1edfng th\u1ee9c h\u1eb1ng ng\u00e0y ho\u1eb7c l\u00e0m qu\u00e0 t\u1eb7ng trong nh\u1eefng d\u1ecbp \u0111\u1eb7c bi\u1ec7t.<\/p>\n<h2 data-section-id=\"10f3f56\" data-start=\"1910\" data-end=\"1949\">\u0110\u1eb7c \u0111i\u1ec3m n\u1ed5i b\u1eadt c\u1ee7a tiramisu socola<\/h2>\n<ul data-start=\"1951\" data-end=\"2066\">\n<li data-section-id=\"psftjp\" data-start=\"1951\" data-end=\"1975\">Kem m\u1ec1m m\u1ecbn, b\u00e9o nh\u1eb9<\/li>\n<li data-section-id=\"15uc3ce\" data-start=\"1976\" data-end=\"2007\">H\u01b0\u01a1ng socola \u0111\u1eadm d\u1ecbu, d\u1ec5 \u0103n<\/li>\n<li data-section-id=\"z96s3g\" data-start=\"2008\" data-end=\"2034\">B\u00e1nh m\u1ec1m \u1ea9m, th\u01a1m ngon<\/li>\n<li data-section-id=\"s7d6l4\" data-start=\"2035\" data-end=\"2066\">V\u1ecb ng\u1ecdt h\u00e0i h\u00f2a, kh\u00f4ng ng\u1ea5y<\/li>\n<\/ul>\n<h2 data-section-id=\"1v191je\" data-start=\"2068\" data-end=\"2090\">Kh\u1ed1i l\u01b0\u1ee3ng s\u1ea3n ph\u1ea9m<\/h2>\n<p data-start=\"2092\" data-end=\"2119\">Kho\u1ea3ng <strong data-start=\"2099\" data-end=\"2119\">90 \u2013 120g \/ ph\u1ea7n<\/strong><\/p>\n<h2 data-section-id=\"1cvkcll\" data-start=\"2121\" data-end=\"2142\">H\u01b0\u1edbng d\u1eabn b\u1ea3o qu\u1ea3n<\/h2>\n<p data-start=\"2144\" data-end=\"2263\">B\u1ea3o qu\u1ea3n b\u00e1nh trong <strong data-start=\"2164\" data-end=\"2184\">ng\u0103n m\u00e1t t\u1ee7 l\u1ea1nh<\/strong>.<br data-start=\"2185\" data-end=\"2188\" \/>\u0110\u1ec3 gi\u1eef h\u01b0\u01a1ng v\u1ecb ngon nh\u1ea5t, n\u00ean d\u00f9ng trong <strong data-start=\"2230\" data-end=\"2244\">1 \u2013 2 ng\u00e0y<\/strong> sau khi nh\u1eadn b\u00e1nh.<\/p>\n<p data-start=\"2265\" data-end=\"2323\"><strong data-start=\"2265\" data-end=\"2323\">Ngon nh\u1ea5t khi d\u00f9ng trong 1 \u2013 2 ng\u00e0y sau khi nh\u1eadn b\u00e1nh.<\/strong><\/p>\n","protected":false},"excerpt":{"rendered":"<p>Tiramisu Socola \u2013 \u0110\u1eadm V\u1ecb Socola, M\u1ec1m M\u1ecbn, D\u1ec5 Th\u01b0\u1edfng Th\u1ee9c Tiramisu socola l\u00e0 m\u00f3n tr\u00e1ng mi\u1ec7ng \u0111\u01b0\u1ee3c y\u00eau th\u00edch t\u1ea1i Quin Quin Sweet, n\u1ed5i b\u1eadt v\u1edbi s\u1ef1 k\u1ebft h\u1ee3p h\u00e0i h\u00f2a gi\u1eefa l\u1edbp b\u00e1nh m\u1ec1m \u1ea9m v\u00e0 kem socola m\u1ecbn m\u00e0ng. B\u00e1nh mang h\u01b0\u01a1ng v\u1ecb \u0111\u1eadm \u0111\u00e0, b\u00e9o nh\u1eb9 v\u00e0 d\u1ec5 \u0103n, ph\u00f9 h\u1ee3p [&#8230;]\n","protected":false},"featured_media":49,"comment_status":"open","ping_status":"closed","template":"","meta":[],"product_brand":[26],"product_cat":[28],"product_tag":[],"class_list":{"0":"post-46","1":"product","2":"type-product","3":"status-publish","4":"has-post-thumbnail","6":"product_brand-quin-quin-sweet","7":"product_cat-tiramisu","9":"first","10":"instock","11":"sale","12":"shipping-taxable","13":"purchasable","14":"product-type-variable"},"yoast_head":"<!-- This site is optimized with the Yoast SEO plugin v27.2 - https:\/\/yoast.com\/product\/yoast-seo-wordpress\/ -->\n<title>Tiramisu socola - Quin Quin Sweet - Quin Quin Sweet<\/title>\n<meta name=\"description\" content=\"Tiramisu socola m\u1ec1m m\u1ecbn, \u0111\u1eadm v\u1ecb socola, kem b\u00e9o nh\u1eb9, v\u1ecb ng\u1ecdt d\u1ecbu h\u00e0i h\u00f2a, d\u1ec5 \u0103n v\u00e0 kh\u00f4ng ng\u1ea5y. Ph\u00f9 h\u1ee3p tr\u00e1ng mi\u1ec7ng ho\u1eb7c th\u01b0\u1edfng th\u1ee9c m\u1ed7i ng\u00e0y.\" \/>\n<meta name=\"robots\" content=\"index, follow, max-snippet:-1, max-image-preview:large, max-video-preview:-1\" \/>\n<link rel=\"canonical\" href=\"https:\/\/quinquin.azdigi.shop\/index.php\/product\/tiramisu-socola-quin-quin-sweet\/\" \/>\n<meta property=\"og:locale\" content=\"vi_VN\" \/>\n<meta property=\"og:type\" content=\"article\" \/>\n<meta property=\"og:title\" content=\"Tiramisu socola - Quin Quin Sweet - Quin Quin Sweet\" \/>\n<meta property=\"og:description\" content=\"Tiramisu socola m\u1ec1m m\u1ecbn, \u0111\u1eadm v\u1ecb socola, kem b\u00e9o nh\u1eb9, v\u1ecb ng\u1ecdt d\u1ecbu h\u00e0i h\u00f2a, d\u1ec5 \u0103n v\u00e0 kh\u00f4ng ng\u1ea5y. Ph\u00f9 h\u1ee3p tr\u00e1ng mi\u1ec7ng ho\u1eb7c th\u01b0\u1edfng th\u1ee9c m\u1ed7i ng\u00e0y.\" \/>\n<meta property=\"og:url\" content=\"https:\/\/quinquin.azdigi.shop\/index.php\/product\/tiramisu-socola-quin-quin-sweet\/\" \/>\n<meta property=\"og:site_name\" content=\"Quin Quin Sweet\" \/>\n<meta property=\"og:image\" content=\"https:\/\/quinquin.azdigi.shop\/wp-content\/uploads\/2026\/03\/tiramisu-socola-3.png\" \/>\n\t<meta property=\"og:image:width\" content=\"712\" \/>\n\t<meta property=\"og:image:height\" content=\"706\" \/>\n\t<meta property=\"og:image:type\" content=\"image\/png\" \/>\n<meta name=\"twitter:card\" content=\"summary_large_image\" \/>\n<meta name=\"twitter:label1\" content=\"\u01af\u1edbc t\u00ednh th\u1eddi gian \u0111\u1ecdc\" \/>\n\t<meta name=\"twitter:data1\" content=\"3 ph\u00fat\" \/>\n<script type=\"application\/ld+json\" class=\"yoast-schema-graph\">{\"@context\":\"https:\/\/schema.org\",\"@graph\":[{\"@type\":\"WebPage\",\"@id\":\"https:\/\/quinquin.azdigi.shop\/index.php\/product\/tiramisu-socola-quin-quin-sweet\/\",\"url\":\"https:\/\/quinquin.azdigi.shop\/index.php\/product\/tiramisu-socola-quin-quin-sweet\/\",\"name\":\"Tiramisu socola - Quin Quin Sweet - Quin Quin Sweet\",\"isPartOf\":{\"@id\":\"https:\/\/quinquin.azdigi.shop\/#website\"},\"primaryImageOfPage\":{\"@id\":\"https:\/\/quinquin.azdigi.shop\/index.php\/product\/tiramisu-socola-quin-quin-sweet\/#primaryimage\"},\"image\":{\"@id\":\"https:\/\/quinquin.azdigi.shop\/index.php\/product\/tiramisu-socola-quin-quin-sweet\/#primaryimage\"},\"thumbnailUrl\":\"https:\/\/quinquin.azdigi.shop\/wp-content\/uploads\/2026\/03\/tiramisu-socola-3.png\",\"datePublished\":\"2026-03-27T06:33:06+00:00\",\"description\":\"Tiramisu socola m\u1ec1m m\u1ecbn, \u0111\u1eadm v\u1ecb socola, kem b\u00e9o nh\u1eb9, v\u1ecb ng\u1ecdt d\u1ecbu h\u00e0i h\u00f2a, d\u1ec5 \u0103n v\u00e0 kh\u00f4ng ng\u1ea5y. Ph\u00f9 h\u1ee3p tr\u00e1ng mi\u1ec7ng ho\u1eb7c th\u01b0\u1edfng th\u1ee9c m\u1ed7i ng\u00e0y.\",\"breadcrumb\":{\"@id\":\"https:\/\/quinquin.azdigi.shop\/index.php\/product\/tiramisu-socola-quin-quin-sweet\/#breadcrumb\"},\"inLanguage\":\"vi\",\"potentialAction\":[{\"@type\":\"ReadAction\",\"target\":[\"https:\/\/quinquin.azdigi.shop\/index.php\/product\/tiramisu-socola-quin-quin-sweet\/\"]}]},{\"@type\":\"ImageObject\",\"inLanguage\":\"vi\",\"@id\":\"https:\/\/quinquin.azdigi.shop\/index.php\/product\/tiramisu-socola-quin-quin-sweet\/#primaryimage\",\"url\":\"https:\/\/quinquin.azdigi.shop\/wp-content\/uploads\/2026\/03\/tiramisu-socola-3.png\",\"contentUrl\":\"https:\/\/quinquin.azdigi.shop\/wp-content\/uploads\/2026\/03\/tiramisu-socola-3.png\",\"width\":712,\"height\":706},{\"@type\":\"BreadcrumbList\",\"@id\":\"https:\/\/quinquin.azdigi.shop\/index.php\/product\/tiramisu-socola-quin-quin-sweet\/#breadcrumb\",\"itemListElement\":[{\"@type\":\"ListItem\",\"position\":1,\"name\":\"Home\",\"item\":\"https:\/\/quinquin.azdigi.shop\/\"},{\"@type\":\"ListItem\",\"position\":2,\"name\":\"C\u1eeda h\u00e0ng\",\"item\":\"https:\/\/quinquin.azdigi.shop\/index.php\/shop\/\"},{\"@type\":\"ListItem\",\"position\":3,\"name\":\"Tiramisu socola &#8211; Quin Quin Sweet\"}]},{\"@type\":\"WebSite\",\"@id\":\"https:\/\/quinquin.azdigi.shop\/#website\",\"url\":\"https:\/\/quinquin.azdigi.shop\/\",\"name\":\"Quin Quin Sweet\",\"description\":\"\",\"potentialAction\":[{\"@type\":\"SearchAction\",\"target\":{\"@type\":\"EntryPoint\",\"urlTemplate\":\"https:\/\/quinquin.azdigi.shop\/?s={search_term_string}\"},\"query-input\":{\"@type\":\"PropertyValueSpecification\",\"valueRequired\":true,\"valueName\":\"search_term_string\"}}],\"inLanguage\":\"vi\"}]}<\/script>\n<!-- \/ Yoast SEO plugin. -->","yoast_head_json":{"title":"Tiramisu socola - Quin Quin Sweet - Quin Quin Sweet","description":"Tiramisu socola m\u1ec1m m\u1ecbn, \u0111\u1eadm v\u1ecb socola, kem b\u00e9o nh\u1eb9, v\u1ecb ng\u1ecdt d\u1ecbu h\u00e0i h\u00f2a, d\u1ec5 \u0103n v\u00e0 kh\u00f4ng ng\u1ea5y. Ph\u00f9 h\u1ee3p tr\u00e1ng mi\u1ec7ng ho\u1eb7c th\u01b0\u1edfng th\u1ee9c m\u1ed7i ng\u00e0y.","robots":{"index":"index","follow":"follow","max-snippet":"max-snippet:-1","max-image-preview":"max-image-preview:large","max-video-preview":"max-video-preview:-1"},"canonical":"https:\/\/quinquin.azdigi.shop\/index.php\/product\/tiramisu-socola-quin-quin-sweet\/","og_locale":"vi_VN","og_type":"article","og_title":"Tiramisu socola - Quin Quin Sweet - Quin Quin Sweet","og_description":"Tiramisu socola m\u1ec1m m\u1ecbn, \u0111\u1eadm v\u1ecb socola, kem b\u00e9o nh\u1eb9, v\u1ecb ng\u1ecdt d\u1ecbu h\u00e0i h\u00f2a, d\u1ec5 \u0103n v\u00e0 kh\u00f4ng ng\u1ea5y. Ph\u00f9 h\u1ee3p tr\u00e1ng mi\u1ec7ng ho\u1eb7c th\u01b0\u1edfng th\u1ee9c m\u1ed7i ng\u00e0y.","og_url":"https:\/\/quinquin.azdigi.shop\/index.php\/product\/tiramisu-socola-quin-quin-sweet\/","og_site_name":"Quin Quin Sweet","og_image":[{"width":712,"height":706,"url":"https:\/\/quinquin.azdigi.shop\/wp-content\/uploads\/2026\/03\/tiramisu-socola-3.png","type":"image\/png"}],"twitter_card":"summary_large_image","twitter_misc":{"\u01af\u1edbc t\u00ednh th\u1eddi gian \u0111\u1ecdc":"3 ph\u00fat"},"schema":{"@context":"https:\/\/schema.org","@graph":[{"@type":"WebPage","@id":"https:\/\/quinquin.azdigi.shop\/index.php\/product\/tiramisu-socola-quin-quin-sweet\/","url":"https:\/\/quinquin.azdigi.shop\/index.php\/product\/tiramisu-socola-quin-quin-sweet\/","name":"Tiramisu socola - Quin Quin Sweet - Quin Quin Sweet","isPartOf":{"@id":"https:\/\/quinquin.azdigi.shop\/#website"},"primaryImageOfPage":{"@id":"https:\/\/quinquin.azdigi.shop\/index.php\/product\/tiramisu-socola-quin-quin-sweet\/#primaryimage"},"image":{"@id":"https:\/\/quinquin.azdigi.shop\/index.php\/product\/tiramisu-socola-quin-quin-sweet\/#primaryimage"},"thumbnailUrl":"https:\/\/quinquin.azdigi.shop\/wp-content\/uploads\/2026\/03\/tiramisu-socola-3.png","datePublished":"2026-03-27T06:33:06+00:00","description":"Tiramisu socola m\u1ec1m m\u1ecbn, \u0111\u1eadm v\u1ecb socola, kem b\u00e9o nh\u1eb9, v\u1ecb ng\u1ecdt d\u1ecbu h\u00e0i h\u00f2a, d\u1ec5 \u0103n v\u00e0 kh\u00f4ng ng\u1ea5y. Ph\u00f9 h\u1ee3p tr\u00e1ng mi\u1ec7ng ho\u1eb7c th\u01b0\u1edfng th\u1ee9c m\u1ed7i ng\u00e0y.","breadcrumb":{"@id":"https:\/\/quinquin.azdigi.shop\/index.php\/product\/tiramisu-socola-quin-quin-sweet\/#breadcrumb"},"inLanguage":"vi","potentialAction":[{"@type":"ReadAction","target":["https:\/\/quinquin.azdigi.shop\/index.php\/product\/tiramisu-socola-quin-quin-sweet\/"]}]},{"@type":"ImageObject","inLanguage":"vi","@id":"https:\/\/quinquin.azdigi.shop\/index.php\/product\/tiramisu-socola-quin-quin-sweet\/#primaryimage","url":"https:\/\/quinquin.azdigi.shop\/wp-content\/uploads\/2026\/03\/tiramisu-socola-3.png","contentUrl":"https:\/\/quinquin.azdigi.shop\/wp-content\/uploads\/2026\/03\/tiramisu-socola-3.png","width":712,"height":706},{"@type":"BreadcrumbList","@id":"https:\/\/quinquin.azdigi.shop\/index.php\/product\/tiramisu-socola-quin-quin-sweet\/#breadcrumb","itemListElement":[{"@type":"ListItem","position":1,"name":"Home","item":"https:\/\/quinquin.azdigi.shop\/"},{"@type":"ListItem","position":2,"name":"C\u1eeda h\u00e0ng","item":"https:\/\/quinquin.azdigi.shop\/index.php\/shop\/"},{"@type":"ListItem","position":3,"name":"Tiramisu socola &#8211; Quin Quin Sweet"}]},{"@type":"WebSite","@id":"https:\/\/quinquin.azdigi.shop\/#website","url":"https:\/\/quinquin.azdigi.shop\/","name":"Quin Quin Sweet","description":"","potentialAction":[{"@type":"SearchAction","target":{"@type":"EntryPoint","urlTemplate":"https:\/\/quinquin.azdigi.shop\/?s={search_term_string}"},"query-input":{"@type":"PropertyValueSpecification","valueRequired":true,"valueName":"search_term_string"}}],"inLanguage":"vi"}]}},"_links":{"self":[{"href":"https:\/\/quinquin.azdigi.shop\/index.php\/wp-json\/wp\/v2\/product\/46","targetHints":{"allow":["GET"]}}],"collection":[{"href":"https:\/\/quinquin.azdigi.shop\/index.php\/wp-json\/wp\/v2\/product"}],"about":[{"href":"https:\/\/quinquin.azdigi.shop\/index.php\/wp-json\/wp\/v2\/types\/product"}],"replies":[{"embeddable":true,"href":"https:\/\/quinquin.azdigi.shop\/index.php\/wp-json\/wp\/v2\/comments?post=46"}],"wp:featuredmedia":[{"embeddable":true,"href":"https:\/\/quinquin.azdigi.shop\/index.php\/wp-json\/wp\/v2\/media\/49"}],"wp:attachment":[{"href":"https:\/\/quinquin.azdigi.shop\/index.php\/wp-json\/wp\/v2\/media?parent=46"}],"wp:term":[{"taxonomy":"product_brand","embeddable":true,"href":"https:\/\/quinquin.azdigi.shop\/index.php\/wp-json\/wp\/v2\/product_brand?post=46"},{"taxonomy":"product_cat","embeddable":true,"href":"https:\/\/quinquin.azdigi.shop\/index.php\/wp-json\/wp\/v2\/product_cat?post=46"},{"taxonomy":"product_tag","embeddable":true,"href":"https:\/\/quinquin.azdigi.shop\/index.php\/wp-json\/wp\/v2\/product_tag?post=46"}],"curies":[{"name":"wp","href":"https:\/\/api.w.org\/{rel}","templated":true}]}}