{"id":72,"date":"2026-03-27T08:39:42","date_gmt":"2026-03-27T08:39:42","guid":{"rendered":"https:\/\/quinquin.azdigi.shop\/?post_type=product&#038;p=72"},"modified":"2026-03-27T08:39:42","modified_gmt":"2026-03-27T08:39:42","slug":"croisant","status":"publish","type":"product","link":"https:\/\/quinquin.azdigi.shop\/index.php\/product\/croisant\/","title":{"rendered":"Croisant"},"content":{"rendered":"<h1 data-section-id=\"79a8qn\" data-start=\"101\" data-end=\"159\">\ud83e\udd50 B\u00e1nh Croissant Kem \u2013 M\u1ec1m X\u1ed1p, B\u00e9o Nh\u1eb9, D\u1ec5 Th\u01b0\u1edfng Th\u1ee9c<\/h1>\n<p data-start=\"161\" data-end=\"369\"><strong data-start=\"161\" data-end=\"183\">B\u00e1nh croissant kem<\/strong> l\u00e0 m\u00f3n b\u00e1nh \u0111\u01b0\u1ee3c y\u00eau th\u00edch t\u1ea1i <strong data-start=\"215\" data-end=\"234\">Quin Quin Sweet<\/strong>, n\u1ed5i b\u1eadt v\u1edbi l\u1edbp b\u00e1nh nhi\u1ec1u t\u1ea7ng gi\u00f2n nh\u1eb9 k\u1ebft h\u1ee3p c\u00f9ng ph\u1ea7n kem m\u1ecbn m\u00e0ng b\u00ean trong. B\u00e1nh mang h\u01b0\u01a1ng v\u1ecb b\u00e9o d\u1ecbu, ng\u1ecdt nh\u1eb9 v\u00e0 r\u1ea5t d\u1ec5 \u0103n.<\/p>\n<h2 data-section-id=\"1k3cza1\" data-start=\"371\" data-end=\"406\">H\u01b0\u01a1ng v\u1ecb b\u00e9o nh\u1eb9, ng\u1ecdt d\u1ecbu d\u1ec5 \u0103n<\/h2>\n<p data-start=\"408\" data-end=\"603\">Ngay t\u1eeb l\u1ea7n \u0111\u1ea7u th\u01b0\u1edfng th\u1ee9c, b\u1ea1n s\u1ebd c\u1ea3m nh\u1eadn \u0111\u01b0\u1ee3c h\u01b0\u01a1ng b\u01a1 th\u01a1m nh\u1eb9 t\u1eeb l\u1edbp b\u00e1nh croissant. Ph\u1ea7n kem b\u00ean trong mang v\u1ecb b\u00e9o d\u1ecbu, kh\u00f4ng qu\u00e1 ng\u1ecdt. Nh\u1edd \u0111\u00f3, b\u00e1nh t\u1ea1o c\u1ea3m gi\u00e1c h\u00e0i h\u00f2a v\u00e0 kh\u00f4ng g\u00e2y ng\u1ea5y.<\/p>\n<h2 data-section-id=\"1m9d0x3\" data-start=\"605\" data-end=\"639\">L\u1edbp b\u00e1nh gi\u00f2n nh\u1eb9, nh\u00e2n kem m\u1ecbn<\/h2>\n<p data-start=\"641\" data-end=\"859\">Ph\u1ea7n v\u1ecf c\u1ee7a <strong data-start=\"653\" data-end=\"675\">b\u00e1nh croissant kem<\/strong> c\u00f3 k\u1ebft c\u1ea5u nhi\u1ec1u l\u1edbp \u0111\u1eb7c tr\u01b0ng, gi\u00f2n nh\u1eb9 b\u00ean ngo\u00e0i v\u00e0 m\u1ec1m x\u1ed1p b\u00ean trong. L\u1edbp kem m\u1ecbn gi\u00fap t\u0103ng \u0111\u1ed9 h\u1ea5p d\u1eabn v\u00e0 t\u1ea1o c\u1ea3m gi\u00e1c tan nh\u1eb9 khi \u0103n. S\u1ef1 k\u1ebft h\u1ee3p n\u00e0y mang l\u1ea1i tr\u1ea3i nghi\u1ec7m tr\u1ecdn v\u1eb9n.<\/p>\n<h2 data-section-id=\"3hc5ub\" data-start=\"861\" data-end=\"896\">H\u01b0\u01a1ng v\u1ecb h\u00e0i h\u00f2a, d\u1ec5 th\u01b0\u1edfng th\u1ee9c<\/h2>\n<p data-start=\"898\" data-end=\"1063\">B\u00e1nh c\u00f3 s\u1ef1 c\u00e2n b\u1eb1ng gi\u1eefa v\u1ecb b\u00e9o c\u1ee7a kem v\u00e0 \u0111\u1ed9 th\u01a1m c\u1ee7a b\u01a1. Nh\u1edd \u0111\u00f3, s\u1ea3n ph\u1ea9m ph\u00f9 h\u1ee3p v\u1edbi nhi\u1ec1u kh\u1ea9u v\u1ecb kh\u00e1c nhau. \u0110\u00e2y l\u00e0 m\u00f3n b\u00e1nh nh\u1eb9 nh\u00e0ng, th\u00edch h\u1ee3p \u0111\u1ec3 \u0103n m\u1ed7i ng\u00e0y.<\/p>\n<h2 data-section-id=\"1qmd70u\" data-start=\"1065\" data-end=\"1106\">Ph\u00f9 h\u1ee3p cho nhi\u1ec1u th\u1eddi \u0111i\u1ec3m trong ng\u00e0y<\/h2>\n<p data-start=\"1108\" data-end=\"1234\"><strong data-start=\"1108\" data-end=\"1130\">B\u00e1nh croissant kem<\/strong> th\u00edch h\u1ee3p cho b\u1eefa s\u00e1ng, b\u1eefa x\u1ebf ho\u1eb7c \u0103n v\u1eb7t. Khi d\u00f9ng c\u00f9ng tr\u00e0 ho\u1eb7c c\u00e0 ph\u00ea, h\u01b0\u01a1ng v\u1ecb c\u00e0ng th\u00eam tr\u1ecdn v\u1eb9n.<\/p>\n<h2 data-section-id=\"15j9272\" data-start=\"1236\" data-end=\"1255\">\u0110\u1eb7c \u0111i\u1ec3m n\u1ed5i b\u1eadt<\/h2>\n<ul data-start=\"1257\" data-end=\"1379\">\n<li data-section-id=\"1b7z3rz\" data-start=\"1257\" data-end=\"1290\">Croissant nhi\u1ec1u l\u1edbp, gi\u00f2n x\u1ed1p<\/li>\n<li data-section-id=\"1pbo3tq\" data-start=\"1291\" data-end=\"1316\">Nh\u00e2n kem m\u1ecbn, b\u00e9o nh\u1eb9<\/li>\n<li data-section-id=\"tz8ck8\" data-start=\"1317\" data-end=\"1344\">V\u1ecb ng\u1ecdt d\u1ecbu, kh\u00f4ng ng\u1ea5y<\/li>\n<li data-section-id=\"zy7j1z\" data-start=\"1345\" data-end=\"1379\">D\u1ec5 \u0103n, ph\u00f9 h\u1ee3p nhi\u1ec1u th\u1eddi \u0111i\u1ec3m<\/li>\n<\/ul>\n<h2 data-section-id=\"1v191je\" data-start=\"1381\" data-end=\"1403\">Kh\u1ed1i l\u01b0\u1ee3ng s\u1ea3n ph\u1ea9m<\/h2>\n<p data-start=\"1405\" data-end=\"1432\">Kho\u1ea3ng <strong data-start=\"1412\" data-end=\"1432\">80 \u2013 120g \/ b\u00e1nh<\/strong><\/p>\n<h2 data-section-id=\"1cvkcll\" data-start=\"1434\" data-end=\"1455\">H\u01b0\u1edbng d\u1eabn b\u1ea3o qu\u1ea3n<\/h2>\n<p data-start=\"1457\" data-end=\"1542\">B\u1ea3o qu\u1ea3n trong <strong data-start=\"1472\" data-end=\"1492\">ng\u0103n m\u00e1t t\u1ee7 l\u1ea1nh<\/strong>. N\u00ean d\u00f9ng trong <strong data-start=\"1509\" data-end=\"1523\">1 \u2013 2 ng\u00e0y<\/strong> sau khi nh\u1eadn b\u00e1nh.<\/p>\n","protected":false},"excerpt":{"rendered":"<p>\ud83e\udd50 B\u00e1nh Croissant Kem \u2013 M\u1ec1m X\u1ed1p, B\u00e9o Nh\u1eb9, D\u1ec5 Th\u01b0\u1edfng Th\u1ee9c B\u00e1nh croissant kem l\u00e0 m\u00f3n b\u00e1nh \u0111\u01b0\u1ee3c y\u00eau th\u00edch t\u1ea1i Quin Quin Sweet, n\u1ed5i b\u1eadt v\u1edbi l\u1edbp b\u00e1nh nhi\u1ec1u t\u1ea7ng gi\u00f2n nh\u1eb9 k\u1ebft h\u1ee3p c\u00f9ng ph\u1ea7n kem m\u1ecbn m\u00e0ng b\u00ean trong. B\u00e1nh mang h\u01b0\u01a1ng v\u1ecb b\u00e9o d\u1ecbu, ng\u1ecdt nh\u1eb9 v\u00e0 r\u1ea5t d\u1ec5 \u0103n. [&#8230;]\n","protected":false},"featured_media":74,"comment_status":"open","ping_status":"closed","template":"","meta":[],"product_brand":[26],"product_cat":[29,27,30],"product_tag":[],"class_list":{"0":"post-72","1":"product","2":"type-product","3":"status-publish","4":"has-post-thumbnail","6":"product_brand-quin-quin-sweet","7":"product_cat-banh-an-vat","8":"product_cat-best-seller","9":"product_cat-croissant","11":"first","12":"instock","13":"shipping-taxable","14":"purchasable","15":"product-type-variable"},"yoast_head":"<!-- This site is optimized with the Yoast SEO plugin v27.2 - https:\/\/yoast.com\/product\/yoast-seo-wordpress\/ -->\n<title>Croisant - Quin Quin Sweet<\/title>\n<meta name=\"description\" content=\"B\u00e1nh croissant kem m\u1ec1m x\u1ed1p, th\u01a1m b\u01a1, nh\u00e2n kem m\u1ecbn b\u00e9o nh\u1eb9, v\u1ecb ng\u1ecdt d\u1ecbu h\u00e0i h\u00f2a, d\u1ec5 \u0103n v\u00e0 kh\u00f4ng ng\u1ea5y. Ph\u00f9 h\u1ee3p \u0103n s\u00e1ng ho\u1eb7c th\u01b0\u1edfng th\u1ee9c m\u1ed7i\" \/>\n<meta name=\"robots\" content=\"index, follow, max-snippet:-1, max-image-preview:large, max-video-preview:-1\" \/>\n<link rel=\"canonical\" href=\"https:\/\/quinquin.azdigi.shop\/index.php\/product\/croisant\/\" \/>\n<meta property=\"og:locale\" content=\"vi_VN\" \/>\n<meta property=\"og:type\" content=\"article\" \/>\n<meta property=\"og:title\" content=\"Croisant - Quin Quin Sweet\" \/>\n<meta property=\"og:description\" content=\"B\u00e1nh croissant kem m\u1ec1m x\u1ed1p, th\u01a1m b\u01a1, nh\u00e2n kem m\u1ecbn b\u00e9o nh\u1eb9, v\u1ecb ng\u1ecdt d\u1ecbu h\u00e0i h\u00f2a, d\u1ec5 \u0103n v\u00e0 kh\u00f4ng ng\u1ea5y. Ph\u00f9 h\u1ee3p \u0103n s\u00e1ng ho\u1eb7c th\u01b0\u1edfng th\u1ee9c m\u1ed7i\" \/>\n<meta property=\"og:url\" content=\"https:\/\/quinquin.azdigi.shop\/index.php\/product\/croisant\/\" \/>\n<meta property=\"og:site_name\" content=\"Quin Quin Sweet\" \/>\n<meta property=\"og:image\" content=\"https:\/\/quinquin.azdigi.shop\/wp-content\/uploads\/2026\/03\/Banh-croissant-dau-2-png.png\" \/>\n\t<meta property=\"og:image:width\" content=\"700\" \/>\n\t<meta property=\"og:image:height\" content=\"709\" \/>\n\t<meta property=\"og:image:type\" content=\"image\/png\" \/>\n<meta name=\"twitter:card\" content=\"summary_large_image\" \/>\n<meta name=\"twitter:label1\" content=\"\u01af\u1edbc t\u00ednh th\u1eddi gian \u0111\u1ecdc\" \/>\n\t<meta name=\"twitter:data1\" content=\"2 ph\u00fat\" \/>\n<script type=\"application\/ld+json\" class=\"yoast-schema-graph\">{\"@context\":\"https:\/\/schema.org\",\"@graph\":[{\"@type\":\"WebPage\",\"@id\":\"https:\/\/quinquin.azdigi.shop\/index.php\/product\/croisant\/\",\"url\":\"https:\/\/quinquin.azdigi.shop\/index.php\/product\/croisant\/\",\"name\":\"Croisant - Quin Quin Sweet\",\"isPartOf\":{\"@id\":\"https:\/\/quinquin.azdigi.shop\/#website\"},\"primaryImageOfPage\":{\"@id\":\"https:\/\/quinquin.azdigi.shop\/index.php\/product\/croisant\/#primaryimage\"},\"image\":{\"@id\":\"https:\/\/quinquin.azdigi.shop\/index.php\/product\/croisant\/#primaryimage\"},\"thumbnailUrl\":\"https:\/\/quinquin.azdigi.shop\/wp-content\/uploads\/2026\/03\/Banh-croissant-dau-2-png.png\",\"datePublished\":\"2026-03-27T08:39:42+00:00\",\"description\":\"B\u00e1nh croissant kem m\u1ec1m x\u1ed1p, th\u01a1m b\u01a1, nh\u00e2n kem m\u1ecbn b\u00e9o nh\u1eb9, v\u1ecb ng\u1ecdt d\u1ecbu h\u00e0i h\u00f2a, d\u1ec5 \u0103n v\u00e0 kh\u00f4ng ng\u1ea5y. Ph\u00f9 h\u1ee3p \u0103n s\u00e1ng ho\u1eb7c th\u01b0\u1edfng th\u1ee9c m\u1ed7i\",\"breadcrumb\":{\"@id\":\"https:\/\/quinquin.azdigi.shop\/index.php\/product\/croisant\/#breadcrumb\"},\"inLanguage\":\"vi\",\"potentialAction\":[{\"@type\":\"ReadAction\",\"target\":[\"https:\/\/quinquin.azdigi.shop\/index.php\/product\/croisant\/\"]}]},{\"@type\":\"ImageObject\",\"inLanguage\":\"vi\",\"@id\":\"https:\/\/quinquin.azdigi.shop\/index.php\/product\/croisant\/#primaryimage\",\"url\":\"https:\/\/quinquin.azdigi.shop\/wp-content\/uploads\/2026\/03\/Banh-croissant-dau-2-png.png\",\"contentUrl\":\"https:\/\/quinquin.azdigi.shop\/wp-content\/uploads\/2026\/03\/Banh-croissant-dau-2-png.png\",\"width\":700,\"height\":709},{\"@type\":\"BreadcrumbList\",\"@id\":\"https:\/\/quinquin.azdigi.shop\/index.php\/product\/croisant\/#breadcrumb\",\"itemListElement\":[{\"@type\":\"ListItem\",\"position\":1,\"name\":\"Home\",\"item\":\"https:\/\/quinquin.azdigi.shop\/\"},{\"@type\":\"ListItem\",\"position\":2,\"name\":\"C\u1eeda h\u00e0ng\",\"item\":\"https:\/\/quinquin.azdigi.shop\/index.php\/shop\/\"},{\"@type\":\"ListItem\",\"position\":3,\"name\":\"Croisant\"}]},{\"@type\":\"WebSite\",\"@id\":\"https:\/\/quinquin.azdigi.shop\/#website\",\"url\":\"https:\/\/quinquin.azdigi.shop\/\",\"name\":\"Quin Quin Sweet\",\"description\":\"\",\"potentialAction\":[{\"@type\":\"SearchAction\",\"target\":{\"@type\":\"EntryPoint\",\"urlTemplate\":\"https:\/\/quinquin.azdigi.shop\/?s={search_term_string}\"},\"query-input\":{\"@type\":\"PropertyValueSpecification\",\"valueRequired\":true,\"valueName\":\"search_term_string\"}}],\"inLanguage\":\"vi\"}]}<\/script>\n<!-- \/ Yoast SEO plugin. -->","yoast_head_json":{"title":"Croisant - Quin Quin Sweet","description":"B\u00e1nh croissant kem m\u1ec1m x\u1ed1p, th\u01a1m b\u01a1, nh\u00e2n kem m\u1ecbn b\u00e9o nh\u1eb9, v\u1ecb ng\u1ecdt d\u1ecbu h\u00e0i h\u00f2a, d\u1ec5 \u0103n v\u00e0 kh\u00f4ng ng\u1ea5y. Ph\u00f9 h\u1ee3p \u0103n s\u00e1ng ho\u1eb7c th\u01b0\u1edfng th\u1ee9c m\u1ed7i","robots":{"index":"index","follow":"follow","max-snippet":"max-snippet:-1","max-image-preview":"max-image-preview:large","max-video-preview":"max-video-preview:-1"},"canonical":"https:\/\/quinquin.azdigi.shop\/index.php\/product\/croisant\/","og_locale":"vi_VN","og_type":"article","og_title":"Croisant - Quin Quin Sweet","og_description":"B\u00e1nh croissant kem m\u1ec1m x\u1ed1p, th\u01a1m b\u01a1, nh\u00e2n kem m\u1ecbn b\u00e9o nh\u1eb9, v\u1ecb ng\u1ecdt d\u1ecbu h\u00e0i h\u00f2a, d\u1ec5 \u0103n v\u00e0 kh\u00f4ng ng\u1ea5y. Ph\u00f9 h\u1ee3p \u0103n s\u00e1ng ho\u1eb7c th\u01b0\u1edfng th\u1ee9c m\u1ed7i","og_url":"https:\/\/quinquin.azdigi.shop\/index.php\/product\/croisant\/","og_site_name":"Quin Quin Sweet","og_image":[{"width":700,"height":709,"url":"https:\/\/quinquin.azdigi.shop\/wp-content\/uploads\/2026\/03\/Banh-croissant-dau-2-png.png","type":"image\/png"}],"twitter_card":"summary_large_image","twitter_misc":{"\u01af\u1edbc t\u00ednh th\u1eddi gian \u0111\u1ecdc":"2 ph\u00fat"},"schema":{"@context":"https:\/\/schema.org","@graph":[{"@type":"WebPage","@id":"https:\/\/quinquin.azdigi.shop\/index.php\/product\/croisant\/","url":"https:\/\/quinquin.azdigi.shop\/index.php\/product\/croisant\/","name":"Croisant - Quin Quin Sweet","isPartOf":{"@id":"https:\/\/quinquin.azdigi.shop\/#website"},"primaryImageOfPage":{"@id":"https:\/\/quinquin.azdigi.shop\/index.php\/product\/croisant\/#primaryimage"},"image":{"@id":"https:\/\/quinquin.azdigi.shop\/index.php\/product\/croisant\/#primaryimage"},"thumbnailUrl":"https:\/\/quinquin.azdigi.shop\/wp-content\/uploads\/2026\/03\/Banh-croissant-dau-2-png.png","datePublished":"2026-03-27T08:39:42+00:00","description":"B\u00e1nh croissant kem m\u1ec1m x\u1ed1p, th\u01a1m b\u01a1, nh\u00e2n kem m\u1ecbn b\u00e9o nh\u1eb9, v\u1ecb ng\u1ecdt d\u1ecbu h\u00e0i h\u00f2a, d\u1ec5 \u0103n v\u00e0 kh\u00f4ng ng\u1ea5y. Ph\u00f9 h\u1ee3p \u0103n s\u00e1ng ho\u1eb7c th\u01b0\u1edfng th\u1ee9c m\u1ed7i","breadcrumb":{"@id":"https:\/\/quinquin.azdigi.shop\/index.php\/product\/croisant\/#breadcrumb"},"inLanguage":"vi","potentialAction":[{"@type":"ReadAction","target":["https:\/\/quinquin.azdigi.shop\/index.php\/product\/croisant\/"]}]},{"@type":"ImageObject","inLanguage":"vi","@id":"https:\/\/quinquin.azdigi.shop\/index.php\/product\/croisant\/#primaryimage","url":"https:\/\/quinquin.azdigi.shop\/wp-content\/uploads\/2026\/03\/Banh-croissant-dau-2-png.png","contentUrl":"https:\/\/quinquin.azdigi.shop\/wp-content\/uploads\/2026\/03\/Banh-croissant-dau-2-png.png","width":700,"height":709},{"@type":"BreadcrumbList","@id":"https:\/\/quinquin.azdigi.shop\/index.php\/product\/croisant\/#breadcrumb","itemListElement":[{"@type":"ListItem","position":1,"name":"Home","item":"https:\/\/quinquin.azdigi.shop\/"},{"@type":"ListItem","position":2,"name":"C\u1eeda h\u00e0ng","item":"https:\/\/quinquin.azdigi.shop\/index.php\/shop\/"},{"@type":"ListItem","position":3,"name":"Croisant"}]},{"@type":"WebSite","@id":"https:\/\/quinquin.azdigi.shop\/#website","url":"https:\/\/quinquin.azdigi.shop\/","name":"Quin Quin Sweet","description":"","potentialAction":[{"@type":"SearchAction","target":{"@type":"EntryPoint","urlTemplate":"https:\/\/quinquin.azdigi.shop\/?s={search_term_string}"},"query-input":{"@type":"PropertyValueSpecification","valueRequired":true,"valueName":"search_term_string"}}],"inLanguage":"vi"}]}},"_links":{"self":[{"href":"https:\/\/quinquin.azdigi.shop\/index.php\/wp-json\/wp\/v2\/product\/72","targetHints":{"allow":["GET"]}}],"collection":[{"href":"https:\/\/quinquin.azdigi.shop\/index.php\/wp-json\/wp\/v2\/product"}],"about":[{"href":"https:\/\/quinquin.azdigi.shop\/index.php\/wp-json\/wp\/v2\/types\/product"}],"replies":[{"embeddable":true,"href":"https:\/\/quinquin.azdigi.shop\/index.php\/wp-json\/wp\/v2\/comments?post=72"}],"wp:featuredmedia":[{"embeddable":true,"href":"https:\/\/quinquin.azdigi.shop\/index.php\/wp-json\/wp\/v2\/media\/74"}],"wp:attachment":[{"href":"https:\/\/quinquin.azdigi.shop\/index.php\/wp-json\/wp\/v2\/media?parent=72"}],"wp:term":[{"taxonomy":"product_brand","embeddable":true,"href":"https:\/\/quinquin.azdigi.shop\/index.php\/wp-json\/wp\/v2\/product_brand?post=72"},{"taxonomy":"product_cat","embeddable":true,"href":"https:\/\/quinquin.azdigi.shop\/index.php\/wp-json\/wp\/v2\/product_cat?post=72"},{"taxonomy":"product_tag","embeddable":true,"href":"https:\/\/quinquin.azdigi.shop\/index.php\/wp-json\/wp\/v2\/product_tag?post=72"}],"curies":[{"name":"wp","href":"https:\/\/api.w.org\/{rel}","templated":true}]}}