{"id":83,"date":"2026-03-27T09:03:25","date_gmt":"2026-03-27T09:03:25","guid":{"rendered":"https:\/\/quinquin.azdigi.shop\/?post_type=product&#038;p=83"},"modified":"2026-03-27T09:03:25","modified_gmt":"2026-03-27T09:03:25","slug":"socola","status":"publish","type":"product","link":"https:\/\/quinquin.azdigi.shop\/index.php\/product\/socola\/","title":{"rendered":"Socola"},"content":{"rendered":"<hr data-start=\"91\" data-end=\"94\" \/>\n<h1 data-section-id=\"533qp9\" data-start=\"96\" data-end=\"149\">H\u1ed9p Socola Cao C\u1ea5p \u2013 Tinh T\u1ebf, Ng\u1ecdt Ng\u00e0o, Sang Tr\u1ecdng<\/h1>\n<p data-start=\"151\" data-end=\"368\"><strong data-start=\"151\" data-end=\"173\">H\u1ed9p socola cao c\u1ea5p<\/strong> l\u00e0 m\u00f3n qu\u00e0 ng\u1ecdt ng\u00e0o v\u00e0 tinh t\u1ebf, ph\u00f9 h\u1ee3p cho nhi\u1ec1u d\u1ecbp \u0111\u1eb7c bi\u1ec7t. S\u1ea3n ph\u1ea9m n\u1ed5i b\u1eadt v\u1edbi thi\u1ebft k\u1ebf sang tr\u1ecdng c\u00f9ng nh\u1eefng vi\u00ean socola \u0111\u01b0\u1ee3c ch\u1ebf t\u00e1c t\u1ec9 m\u1ec9, mang \u0111\u1ebfn tr\u1ea3i nghi\u1ec7m v\u1eeba \u0111\u1eb9p m\u1eaft v\u1eeba h\u1ea5p d\u1eabn.<\/p>\n<h2 data-section-id=\"1rgb4sj\" data-start=\"370\" data-end=\"415\">H\u01b0\u01a1ng v\u1ecb \u0111a d\u1ea1ng, ng\u1ecdt ng\u00e0o d\u1ec5 th\u01b0\u1edfng th\u1ee9c<\/h2>\n<p data-start=\"417\" data-end=\"646\">M\u1ed7i vi\u00ean trong <strong data-start=\"432\" data-end=\"454\">h\u1ed9p socola cao c\u1ea5p<\/strong> mang m\u1ed9t h\u01b0\u01a1ng v\u1ecb ri\u00eang bi\u1ec7t. T\u1eeb socola \u0111\u1eadm v\u1ecb, b\u00e9o nh\u1eb9 \u0111\u1ebfn c\u00e1c lo\u1ea1i nh\u00e2n phong ph\u00fa, t\u1ea5t c\u1ea3 t\u1ea1o n\u00ean s\u1ef1 \u0111a d\u1ea1ng v\u00e0 th\u00fa v\u1ecb khi th\u01b0\u1edfng th\u1ee9c. Nh\u1edd \u0111\u00f3, s\u1ea3n ph\u1ea9m ph\u00f9 h\u1ee3p v\u1edbi nhi\u1ec1u kh\u1ea9u v\u1ecb kh\u00e1c nhau.<\/p>\n<h2 data-section-id=\"1tl5ot2\" data-start=\"648\" data-end=\"687\">Socola m\u1ecbn m\u00e0ng, tan nh\u1eb9 trong mi\u1ec7ng<\/h2>\n<p data-start=\"689\" data-end=\"917\">Nh\u1eefng vi\u00ean socola \u0111\u01b0\u1ee3c l\u00e0m v\u1edbi k\u1ebft c\u1ea5u m\u1ecbn, khi \u0103n s\u1ebd tan nh\u1eb9 v\u00e0 \u0111\u1ec3 l\u1ea1i d\u01b0 v\u1ecb ng\u1ecdt d\u1ecbu. L\u1edbp v\u1ecf b\u00f3ng m\u1ecbn k\u1ebft h\u1ee3p c\u00f9ng ph\u1ea7n nh\u00e2n b\u00ean trong gi\u00fap t\u1ea1o n\u00ean tr\u1ea3i nghi\u1ec7m tr\u1ecdn v\u1eb9n. \u0110\u00e2y l\u00e0 \u0111i\u1ec3m khi\u1ebfn s\u1ea3n ph\u1ea9m tr\u1edf n\u00ean cu\u1ed1n h\u00fat v\u00e0 \u0111\u00e1ng th\u1eed.<\/p>\n<h2 data-section-id=\"xqz10v\" data-start=\"919\" data-end=\"963\">Thi\u1ebft k\u1ebf sang tr\u1ecdng, ph\u00f9 h\u1ee3p l\u00e0m qu\u00e0 t\u1eb7ng<\/h2>\n<p data-start=\"965\" data-end=\"1204\">H\u1ed9p socola \u0111\u01b0\u1ee3c thi\u1ebft k\u1ebf ch\u1ec9n chu v\u1edbi nhi\u1ec1u ng\u0103n ri\u00eang bi\u1ec7t, gi\u00fap t\u1eebng vi\u00ean b\u00e1nh \u0111\u01b0\u1ee3c gi\u1eef nguy\u00ean h\u00ecnh th\u1ee9c \u0111\u1eb9p m\u1eaft. S\u1ea3n ph\u1ea9m mang phong c\u00e1ch sang tr\u1ecdng, r\u1ea5t ph\u00f9 h\u1ee3p \u0111\u1ec3 l\u00e0m qu\u00e0 t\u1eb7ng trong c\u00e1c d\u1ecbp nh\u01b0 sinh nh\u1eadt, l\u1ec5, ho\u1eb7c nh\u1eefng ng\u00e0y \u0111\u1eb7c bi\u1ec7t.<\/p>\n<h2 data-section-id=\"1swyhvj\" data-start=\"1206\" data-end=\"1230\">Ph\u00f9 h\u1ee3p cho nhi\u1ec1u d\u1ecbp<\/h2>\n<p data-start=\"1232\" data-end=\"1426\"><strong data-start=\"1232\" data-end=\"1254\">H\u1ed9p socola cao c\u1ea5p<\/strong> kh\u00f4ng ch\u1ec9 l\u00e0 m\u00f3n \u0103n v\u1eb7t m\u00e0 c\u00f2n l\u00e0 l\u1ef1a ch\u1ecdn l\u00fd t\u01b0\u1edfng \u0111\u1ec3 th\u1ec3 hi\u1ec7n s\u1ef1 quan t\u00e2m v\u00e0 tinh t\u1ebf. B\u1ea1n c\u00f3 th\u1ec3 d\u00f9ng \u0111\u1ec3 t\u1eb7ng ng\u01b0\u1eddi th\u00e2n, b\u1ea1n b\u00e8 ho\u1eb7c \u0111\u1ed1i t\u00e1c trong nh\u1eefng d\u1ecbp quan tr\u1ecdng.<\/p>\n<h2 data-section-id=\"3qqjev\" data-start=\"1428\" data-end=\"1462\">\u0110\u1eb7c \u0111i\u1ec3m n\u1ed5i b\u1eadt c\u1ee7a h\u1ed9p socola<\/h2>\n<ul data-start=\"1464\" data-end=\"1567\">\n<li data-section-id=\"1aef51e\" data-start=\"1464\" data-end=\"1490\">Nhi\u1ec1u h\u01b0\u01a1ng v\u1ecb \u0111a d\u1ea1ng<\/li>\n<li data-section-id=\"1a2xjqt\" data-start=\"1491\" data-end=\"1514\">Socola m\u1ecbn, tan nh\u1eb9<\/li>\n<li data-section-id=\"1twmgt6\" data-start=\"1515\" data-end=\"1542\">Thi\u1ebft k\u1ebf h\u1ed9p sang tr\u1ecdng<\/li>\n<li data-section-id=\"1e3r471\" data-start=\"1543\" data-end=\"1567\">Ph\u00f9 h\u1ee3p l\u00e0m qu\u00e0 t\u1eb7ng<\/li>\n<\/ul>\n<h2 data-section-id=\"1v191je\" data-start=\"1569\" data-end=\"1591\">Kh\u1ed1i l\u01b0\u1ee3ng s\u1ea3n ph\u1ea9m<\/h2>\n<p data-start=\"1593\" data-end=\"1626\">T\u00f9y theo s\u1ed1 l\u01b0\u1ee3ng vi\u00ean trong h\u1ed9p.<\/p>\n<h2 data-section-id=\"1cvkcll\" data-start=\"1628\" data-end=\"1649\">H\u01b0\u1edbng d\u1eabn b\u1ea3o qu\u1ea3n<\/h2>\n<p data-start=\"1651\" data-end=\"1778\">B\u1ea3o qu\u1ea3n n\u01a1i kh\u00f4 r\u00e1o, tho\u00e1ng m\u00e1t ho\u1eb7c trong <strong data-start=\"1695\" data-end=\"1715\">ng\u0103n m\u00e1t t\u1ee7 l\u1ea1nh<\/strong>.<br data-start=\"1716\" data-end=\"1719\" \/>Tr\u00e1nh \u00e1nh n\u1eafng tr\u1ef1c ti\u1ebfp \u0111\u1ec3 gi\u1eef ch\u1ea5t l\u01b0\u1ee3ng socola t\u1ed1t nh\u1ea5t.<\/p>\n","protected":false},"excerpt":{"rendered":"<p>H\u1ed9p Socola Cao C\u1ea5p \u2013 Tinh T\u1ebf, Ng\u1ecdt Ng\u00e0o, Sang Tr\u1ecdng H\u1ed9p socola cao c\u1ea5p l\u00e0 m\u00f3n qu\u00e0 ng\u1ecdt ng\u00e0o v\u00e0 tinh t\u1ebf, ph\u00f9 h\u1ee3p cho nhi\u1ec1u d\u1ecbp \u0111\u1eb7c bi\u1ec7t. S\u1ea3n ph\u1ea9m n\u1ed5i b\u1eadt v\u1edbi thi\u1ebft k\u1ebf sang tr\u1ecdng c\u00f9ng nh\u1eefng vi\u00ean socola \u0111\u01b0\u1ee3c ch\u1ebf t\u00e1c t\u1ec9 m\u1ec9, mang \u0111\u1ebfn tr\u1ea3i nghi\u1ec7m v\u1eeba \u0111\u1eb9p m\u1eaft [&#8230;]\n","protected":false},"featured_media":84,"comment_status":"open","ping_status":"closed","template":"","meta":[],"product_brand":[26],"product_cat":[27,31],"product_tag":[],"class_list":{"0":"post-83","1":"product","2":"type-product","3":"status-publish","4":"has-post-thumbnail","6":"product_brand-quin-quin-sweet","7":"product_cat-best-seller","8":"product_cat-socola","10":"first","11":"instock","12":"shipping-taxable","13":"purchasable","14":"product-type-variable"},"yoast_head":"<!-- This site is optimized with the Yoast SEO plugin v27.2 - https:\/\/yoast.com\/product\/yoast-seo-wordpress\/ -->\n<title>Socola - Quin Quin Sweet<\/title>\n<meta name=\"description\" content=\"H\u1ed9p socola cao c\u1ea5p v\u1edbi nhi\u1ec1u h\u01b0\u01a1ng v\u1ecb \u0111a d\u1ea1ng, socola m\u1ecbn tan nh\u1eb9, thi\u1ebft k\u1ebf sang tr\u1ecdng, ph\u00f9 h\u1ee3p l\u00e0m qu\u00e0 t\u1eb7ng tinh t\u1ebf cho m\u1ecdi d\u1ecbp.\" \/>\n<meta name=\"robots\" content=\"index, follow, max-snippet:-1, max-image-preview:large, max-video-preview:-1\" \/>\n<link rel=\"canonical\" href=\"https:\/\/quinquin.azdigi.shop\/index.php\/product\/socola\/\" \/>\n<meta property=\"og:locale\" content=\"vi_VN\" \/>\n<meta property=\"og:type\" content=\"article\" \/>\n<meta property=\"og:title\" content=\"Socola - Quin Quin Sweet\" \/>\n<meta property=\"og:description\" content=\"H\u1ed9p socola cao c\u1ea5p v\u1edbi nhi\u1ec1u h\u01b0\u01a1ng v\u1ecb \u0111a d\u1ea1ng, socola m\u1ecbn tan nh\u1eb9, thi\u1ebft k\u1ebf sang tr\u1ecdng, ph\u00f9 h\u1ee3p l\u00e0m qu\u00e0 t\u1eb7ng tinh t\u1ebf cho m\u1ecdi d\u1ecbp.\" \/>\n<meta property=\"og:url\" content=\"https:\/\/quinquin.azdigi.shop\/index.php\/product\/socola\/\" \/>\n<meta property=\"og:site_name\" content=\"Quin Quin Sweet\" \/>\n<meta property=\"og:image\" content=\"https:\/\/quinquin.azdigi.shop\/wp-content\/uploads\/2026\/03\/poster-socola.png\" \/>\n\t<meta property=\"og:image:width\" content=\"550\" \/>\n\t<meta property=\"og:image:height\" content=\"786\" \/>\n\t<meta property=\"og:image:type\" content=\"image\/png\" \/>\n<meta name=\"twitter:card\" content=\"summary_large_image\" \/>\n<meta name=\"twitter:label1\" content=\"\u01af\u1edbc t\u00ednh th\u1eddi gian \u0111\u1ecdc\" \/>\n\t<meta name=\"twitter:data1\" content=\"3 ph\u00fat\" \/>\n<script type=\"application\/ld+json\" class=\"yoast-schema-graph\">{\"@context\":\"https:\/\/schema.org\",\"@graph\":[{\"@type\":\"WebPage\",\"@id\":\"https:\/\/quinquin.azdigi.shop\/index.php\/product\/socola\/\",\"url\":\"https:\/\/quinquin.azdigi.shop\/index.php\/product\/socola\/\",\"name\":\"Socola - Quin Quin Sweet\",\"isPartOf\":{\"@id\":\"https:\/\/quinquin.azdigi.shop\/#website\"},\"primaryImageOfPage\":{\"@id\":\"https:\/\/quinquin.azdigi.shop\/index.php\/product\/socola\/#primaryimage\"},\"image\":{\"@id\":\"https:\/\/quinquin.azdigi.shop\/index.php\/product\/socola\/#primaryimage\"},\"thumbnailUrl\":\"https:\/\/quinquin.azdigi.shop\/wp-content\/uploads\/2026\/03\/poster-socola.png\",\"datePublished\":\"2026-03-27T09:03:25+00:00\",\"description\":\"H\u1ed9p socola cao c\u1ea5p v\u1edbi nhi\u1ec1u h\u01b0\u01a1ng v\u1ecb \u0111a d\u1ea1ng, socola m\u1ecbn tan nh\u1eb9, thi\u1ebft k\u1ebf sang tr\u1ecdng, ph\u00f9 h\u1ee3p l\u00e0m qu\u00e0 t\u1eb7ng tinh t\u1ebf cho m\u1ecdi d\u1ecbp.\",\"breadcrumb\":{\"@id\":\"https:\/\/quinquin.azdigi.shop\/index.php\/product\/socola\/#breadcrumb\"},\"inLanguage\":\"vi\",\"potentialAction\":[{\"@type\":\"ReadAction\",\"target\":[\"https:\/\/quinquin.azdigi.shop\/index.php\/product\/socola\/\"]}]},{\"@type\":\"ImageObject\",\"inLanguage\":\"vi\",\"@id\":\"https:\/\/quinquin.azdigi.shop\/index.php\/product\/socola\/#primaryimage\",\"url\":\"https:\/\/quinquin.azdigi.shop\/wp-content\/uploads\/2026\/03\/poster-socola.png\",\"contentUrl\":\"https:\/\/quinquin.azdigi.shop\/wp-content\/uploads\/2026\/03\/poster-socola.png\",\"width\":550,\"height\":786},{\"@type\":\"BreadcrumbList\",\"@id\":\"https:\/\/quinquin.azdigi.shop\/index.php\/product\/socola\/#breadcrumb\",\"itemListElement\":[{\"@type\":\"ListItem\",\"position\":1,\"name\":\"Home\",\"item\":\"https:\/\/quinquin.azdigi.shop\/\"},{\"@type\":\"ListItem\",\"position\":2,\"name\":\"C\u1eeda h\u00e0ng\",\"item\":\"https:\/\/quinquin.azdigi.shop\/index.php\/shop\/\"},{\"@type\":\"ListItem\",\"position\":3,\"name\":\"Socola\"}]},{\"@type\":\"WebSite\",\"@id\":\"https:\/\/quinquin.azdigi.shop\/#website\",\"url\":\"https:\/\/quinquin.azdigi.shop\/\",\"name\":\"Quin Quin Sweet\",\"description\":\"\",\"potentialAction\":[{\"@type\":\"SearchAction\",\"target\":{\"@type\":\"EntryPoint\",\"urlTemplate\":\"https:\/\/quinquin.azdigi.shop\/?s={search_term_string}\"},\"query-input\":{\"@type\":\"PropertyValueSpecification\",\"valueRequired\":true,\"valueName\":\"search_term_string\"}}],\"inLanguage\":\"vi\"}]}<\/script>\n<!-- \/ Yoast SEO plugin. -->","yoast_head_json":{"title":"Socola - Quin Quin Sweet","description":"H\u1ed9p socola cao c\u1ea5p v\u1edbi nhi\u1ec1u h\u01b0\u01a1ng v\u1ecb \u0111a d\u1ea1ng, socola m\u1ecbn tan nh\u1eb9, thi\u1ebft k\u1ebf sang tr\u1ecdng, ph\u00f9 h\u1ee3p l\u00e0m qu\u00e0 t\u1eb7ng tinh t\u1ebf cho m\u1ecdi d\u1ecbp.","robots":{"index":"index","follow":"follow","max-snippet":"max-snippet:-1","max-image-preview":"max-image-preview:large","max-video-preview":"max-video-preview:-1"},"canonical":"https:\/\/quinquin.azdigi.shop\/index.php\/product\/socola\/","og_locale":"vi_VN","og_type":"article","og_title":"Socola - Quin Quin Sweet","og_description":"H\u1ed9p socola cao c\u1ea5p v\u1edbi nhi\u1ec1u h\u01b0\u01a1ng v\u1ecb \u0111a d\u1ea1ng, socola m\u1ecbn tan nh\u1eb9, thi\u1ebft k\u1ebf sang tr\u1ecdng, ph\u00f9 h\u1ee3p l\u00e0m qu\u00e0 t\u1eb7ng tinh t\u1ebf cho m\u1ecdi d\u1ecbp.","og_url":"https:\/\/quinquin.azdigi.shop\/index.php\/product\/socola\/","og_site_name":"Quin Quin Sweet","og_image":[{"width":550,"height":786,"url":"https:\/\/quinquin.azdigi.shop\/wp-content\/uploads\/2026\/03\/poster-socola.png","type":"image\/png"}],"twitter_card":"summary_large_image","twitter_misc":{"\u01af\u1edbc t\u00ednh th\u1eddi gian \u0111\u1ecdc":"3 ph\u00fat"},"schema":{"@context":"https:\/\/schema.org","@graph":[{"@type":"WebPage","@id":"https:\/\/quinquin.azdigi.shop\/index.php\/product\/socola\/","url":"https:\/\/quinquin.azdigi.shop\/index.php\/product\/socola\/","name":"Socola - Quin Quin Sweet","isPartOf":{"@id":"https:\/\/quinquin.azdigi.shop\/#website"},"primaryImageOfPage":{"@id":"https:\/\/quinquin.azdigi.shop\/index.php\/product\/socola\/#primaryimage"},"image":{"@id":"https:\/\/quinquin.azdigi.shop\/index.php\/product\/socola\/#primaryimage"},"thumbnailUrl":"https:\/\/quinquin.azdigi.shop\/wp-content\/uploads\/2026\/03\/poster-socola.png","datePublished":"2026-03-27T09:03:25+00:00","description":"H\u1ed9p socola cao c\u1ea5p v\u1edbi nhi\u1ec1u h\u01b0\u01a1ng v\u1ecb \u0111a d\u1ea1ng, socola m\u1ecbn tan nh\u1eb9, thi\u1ebft k\u1ebf sang tr\u1ecdng, ph\u00f9 h\u1ee3p l\u00e0m qu\u00e0 t\u1eb7ng tinh t\u1ebf cho m\u1ecdi d\u1ecbp.","breadcrumb":{"@id":"https:\/\/quinquin.azdigi.shop\/index.php\/product\/socola\/#breadcrumb"},"inLanguage":"vi","potentialAction":[{"@type":"ReadAction","target":["https:\/\/quinquin.azdigi.shop\/index.php\/product\/socola\/"]}]},{"@type":"ImageObject","inLanguage":"vi","@id":"https:\/\/quinquin.azdigi.shop\/index.php\/product\/socola\/#primaryimage","url":"https:\/\/quinquin.azdigi.shop\/wp-content\/uploads\/2026\/03\/poster-socola.png","contentUrl":"https:\/\/quinquin.azdigi.shop\/wp-content\/uploads\/2026\/03\/poster-socola.png","width":550,"height":786},{"@type":"BreadcrumbList","@id":"https:\/\/quinquin.azdigi.shop\/index.php\/product\/socola\/#breadcrumb","itemListElement":[{"@type":"ListItem","position":1,"name":"Home","item":"https:\/\/quinquin.azdigi.shop\/"},{"@type":"ListItem","position":2,"name":"C\u1eeda h\u00e0ng","item":"https:\/\/quinquin.azdigi.shop\/index.php\/shop\/"},{"@type":"ListItem","position":3,"name":"Socola"}]},{"@type":"WebSite","@id":"https:\/\/quinquin.azdigi.shop\/#website","url":"https:\/\/quinquin.azdigi.shop\/","name":"Quin Quin Sweet","description":"","potentialAction":[{"@type":"SearchAction","target":{"@type":"EntryPoint","urlTemplate":"https:\/\/quinquin.azdigi.shop\/?s={search_term_string}"},"query-input":{"@type":"PropertyValueSpecification","valueRequired":true,"valueName":"search_term_string"}}],"inLanguage":"vi"}]}},"_links":{"self":[{"href":"https:\/\/quinquin.azdigi.shop\/index.php\/wp-json\/wp\/v2\/product\/83","targetHints":{"allow":["GET"]}}],"collection":[{"href":"https:\/\/quinquin.azdigi.shop\/index.php\/wp-json\/wp\/v2\/product"}],"about":[{"href":"https:\/\/quinquin.azdigi.shop\/index.php\/wp-json\/wp\/v2\/types\/product"}],"replies":[{"embeddable":true,"href":"https:\/\/quinquin.azdigi.shop\/index.php\/wp-json\/wp\/v2\/comments?post=83"}],"wp:featuredmedia":[{"embeddable":true,"href":"https:\/\/quinquin.azdigi.shop\/index.php\/wp-json\/wp\/v2\/media\/84"}],"wp:attachment":[{"href":"https:\/\/quinquin.azdigi.shop\/index.php\/wp-json\/wp\/v2\/media?parent=83"}],"wp:term":[{"taxonomy":"product_brand","embeddable":true,"href":"https:\/\/quinquin.azdigi.shop\/index.php\/wp-json\/wp\/v2\/product_brand?post=83"},{"taxonomy":"product_cat","embeddable":true,"href":"https:\/\/quinquin.azdigi.shop\/index.php\/wp-json\/wp\/v2\/product_cat?post=83"},{"taxonomy":"product_tag","embeddable":true,"href":"https:\/\/quinquin.azdigi.shop\/index.php\/wp-json\/wp\/v2\/product_tag?post=83"}],"curies":[{"name":"wp","href":"https:\/\/api.w.org\/{rel}","templated":true}]}}